{"id":1734,"date":"2022-12-29T15:13:02","date_gmt":"2022-12-29T14:13:02","guid":{"rendered":"http:\/\/www.ospstarawies.brzozow.pl\/?page_id=1734"},"modified":"2022-12-29T15:13:02","modified_gmt":"2022-12-29T14:13:02","slug":"udzial-w-zdarzeniach-2021","status":"publish","type":"page","link":"http:\/\/www.ospstarawies.brzozow.pl\/index.php\/udzial-w-zdarzeniach-2021\/","title":{"rendered":"Udzia\u0142 w zdarzeniach 2021"},"content":{"rendered":"<hr \/>\r\n\r\n\r\n\r\n<a href=\"http:\/\/www.ospstarawies.brzozow.pl\/index.php\/2018\/01\/03\/udzial-w-zdarzeniach-2018\/statystyka-udzialu-w-zdarzeniach-jednostki-osp-stara-wies-2020\/#main\" rel=\"attachment wp-att-1655\"><em><strong>Chcesz by\u0107 informowany na bie\u017c\u0105co o zdarzeniach oraz wydarzeniach do\u0142\u0105cz do facebook \u00a0 \u00a0 <\/strong><\/em><\/a><em><strong><a href=\"https:\/\/www.facebook.com\/OspStaraWies792\">https:\/\/www.facebook.com\/OspStaraWies792<\/a><\/strong><\/em>\r\n\r\n<hr \/>\r\n\r\n<h3><span style=\"color: #ff0000; font-size: 18pt;\"><strong>Zabezpieczenie powiatu brzozowskiego 19.04.2021<\/strong><\/span><\/h3>\r\nW dniu 19 kwietnia 2021r., ok godz 13:20 OSP Stara Wie\u015b zosta\u0142a zadysponowana do\u00a0pe\u0142nienia zabezpieczenia powiatu brzozowskiego. Zabezpieczenie pe\u0142ni\u0142a OSP Stara Wie\u015b.\r\n\r\n<hr \/>\r\n\r\n<h3><span style=\"color: #ff0000; font-size: 18pt;\"><strong>Po\u017car budynku mieszkalnego w Brzozowie 18.04.2021<\/strong><\/span><\/h3>\r\nW dniu 18 kwietnia 2021 r. ok. godz. 21.33, OSP Stara Wie\u015b zosta\u0142a zadysponowana do po\u017caru kot\u0142owni budynku mieszkalnego, na wskutek po\u017caru uleg\u0142a zniszczeniu kot\u0142ownia oraz cz\u0119\u015b\u0107 konstrukcji dachowej.\u00a0W dzia\u0142aniu tym bra\u0142y udzia\u0142 2 zast\u0119py OSP Stara Wie\u015b, 2 zast\u0119py JRG Brzoz\u00f3w, 2 zast\u0119py OSP Humniska, OSP Brzoz\u00f3w, OSP Blizne, Patrol Policji.\r\n\r\n<div id='gallery-1' class='gallery galleryid-1734 gallery-columns-5 gallery-size-thumbnail'><figure class='gallery-item'>\n\t\t\t<div class='gallery-icon landscape'>\n\t\t\t\t<a href='http:\/\/www.ospstarawies.brzozow.pl\/index.php\/2018\/01\/03\/udzial-w-zdarzeniach-2018\/20210418_215246\/#main'><img width=\"150\" height=\"150\" src=\"http:\/\/www.ospstarawies.brzozow.pl\/wp-content\/uploads\/2018\/01\/20210418_215246-150x150.jpg\" class=\"attachment-thumbnail size-thumbnail\" alt=\"\" decoding=\"async\" loading=\"lazy\" srcset=\"http:\/\/www.ospstarawies.brzozow.pl\/wp-content\/uploads\/2018\/01\/20210418_215246-150x150.jpg 150w, http:\/\/www.ospstarawies.brzozow.pl\/wp-content\/uploads\/2018\/01\/20210418_215246-300x300.jpg 300w, http:\/\/www.ospstarawies.brzozow.pl\/wp-content\/uploads\/2018\/01\/20210418_215246-768x768.jpg 768w, http:\/\/www.ospstarawies.brzozow.pl\/wp-content\/uploads\/2018\/01\/20210418_215246.jpg 1024w\" sizes=\"(max-width: 150px) 100vw, 150px\" \/><\/a>\n\t\t\t<\/div><\/figure><figure class='gallery-item'>\n\t\t\t<div class='gallery-icon landscape'>\n\t\t\t\t<a href='http:\/\/www.ospstarawies.brzozow.pl\/index.php\/2018\/01\/03\/udzial-w-zdarzeniach-2018\/20210418_215330\/#main'><img width=\"150\" height=\"150\" src=\"http:\/\/www.ospstarawies.brzozow.pl\/wp-content\/uploads\/2018\/01\/20210418_215330-150x150.jpg\" class=\"attachment-thumbnail size-thumbnail\" alt=\"\" decoding=\"async\" loading=\"lazy\" srcset=\"http:\/\/www.ospstarawies.brzozow.pl\/wp-content\/uploads\/2018\/01\/20210418_215330-150x150.jpg 150w, http:\/\/www.ospstarawies.brzozow.pl\/wp-content\/uploads\/2018\/01\/20210418_215330-300x300.jpg 300w, http:\/\/www.ospstarawies.brzozow.pl\/wp-content\/uploads\/2018\/01\/20210418_215330-768x768.jpg 768w, http:\/\/www.ospstarawies.brzozow.pl\/wp-content\/uploads\/2018\/01\/20210418_215330.jpg 1024w\" sizes=\"(max-width: 150px) 100vw, 150px\" \/><\/a>\n\t\t\t<\/div><\/figure><figure class='gallery-item'>\n\t\t\t<div class='gallery-icon landscape'>\n\t\t\t\t<a href='http:\/\/www.ospstarawies.brzozow.pl\/index.php\/2018\/01\/03\/udzial-w-zdarzeniach-2018\/20210418_215508\/#main'><img width=\"150\" height=\"150\" src=\"http:\/\/www.ospstarawies.brzozow.pl\/wp-content\/uploads\/2018\/01\/20210418_215508-150x150.jpg\" class=\"attachment-thumbnail size-thumbnail\" alt=\"\" decoding=\"async\" loading=\"lazy\" \/><\/a>\n\t\t\t<\/div><\/figure><figure class='gallery-item'>\n\t\t\t<div class='gallery-icon landscape'>\n\t\t\t\t<a href='http:\/\/www.ospstarawies.brzozow.pl\/index.php\/2018\/01\/03\/udzial-w-zdarzeniach-2018\/20210418_215549\/#main'><img width=\"150\" height=\"150\" src=\"http:\/\/www.ospstarawies.brzozow.pl\/wp-content\/uploads\/2018\/01\/20210418_215549-150x150.jpg\" class=\"attachment-thumbnail size-thumbnail\" alt=\"\" decoding=\"async\" loading=\"lazy\" \/><\/a>\n\t\t\t<\/div><\/figure><figure class='gallery-item'>\n\t\t\t<div class='gallery-icon landscape'>\n\t\t\t\t<a href='http:\/\/www.ospstarawies.brzozow.pl\/index.php\/2018\/01\/03\/udzial-w-zdarzeniach-2018\/20210418_215623\/#main'><img width=\"150\" height=\"150\" src=\"http:\/\/www.ospstarawies.brzozow.pl\/wp-content\/uploads\/2018\/01\/20210418_215623-150x150.jpg\" class=\"attachment-thumbnail size-thumbnail\" alt=\"\" decoding=\"async\" loading=\"lazy\" \/><\/a>\n\t\t\t<\/div><\/figure>\n\t\t<\/div>\n\r\n\r\n<hr \/>\r\n\r\n\r\n\r\n<hr \/>\r\n\r\n<h3><span style=\"color: #ff0000; font-size: 18pt;\"><strong>Miejscowe zagro\u017cenie w Starej Wsi 13.04.2021<\/strong><\/span><\/h3>\r\nW dniu 13 kwietnia 2021 r. ok. godz. 22.11, OSP Stara Wie\u015b zosta\u0142a zadysponowana do usuni\u0119cia zanieczyszcze\u0144 zalegaj\u0105cych na DP 2032R Stara Wie\u015b &#8211; Blizne powoduj\u0105ce zagro\u017cenie dla ruchu drogowego.W dzia\u0142aniu tym bra\u0142a udzia\u0142 jednostka OSP Stara Wie\u015b.\r\n\r\n<hr \/>\r\n\r\n<h3><span style=\"color: #ff0000; font-size: 18pt;\"><strong>Po\u017car gara\u017cu drewnianego w Brzozowie 21.01.2021<\/strong><\/span><\/h3>\r\nW dniu 21 stycznia 2021 r. ok. godz. 11.31, OSP Stara Wie\u015b zosta\u0142a zadysponowana do po\u017caru\u00a0gara\u017cu drewnianego przy ul. Konopnickiej w Brzozowie. Na wskutek po\u017caru uleg\u0142y zniszczeniu 2 samochody osobowe. W dzia\u0142aniach ga\u015bniczych bra\u0142y udzia\u0142 \u00a03 zast\u0119py JRG Brzoz\u00f3w, OSP Stara Wie\u015b, OSP Zmiennica.\r\n\r\n<hr \/>\r\n\r\n<h3><span style=\"color: #ff0000; font-size: 18pt;\"><strong>Zabezpieczenie powiatu brzozowskiego 20.01.2021<\/strong><\/span><\/h3>\r\nW dniu 20 stycznia 2021r., ok godz 05:58 OSP Stara Wie\u015b zosta\u0142a zadysponowana do\u00a0pe\u0142nienia zabezpieczenia powiatu brzozowskiego. Zabezpieczenie pe\u0142ni\u0142y 2 zast\u0119py OSP Stara Wie\u015b.\r\n\r\n<hr \/>\r\n\r\n<h3><span style=\"color: #ff0000; font-size: 18pt;\"><strong>Po\u017car budynku mieszkalnego w Grabownicy Starze\u0144skiej 19.01.2021<\/strong><\/span><\/h3>\r\nW dniu 19 stycznia 2021 r. ok. godz. 04.43, OSP Stara Wie\u015b zosta\u0142a zadysponowana do po\u017caru \u00a0budynku mieszkalnego drewnianego. Budynek uleg\u0142 ca\u0142kowitemu zniszczeniu.\u00a0W dzia\u0142aniach ga\u015bniczych bra\u0142y udzia\u0142 3 zast\u0119py JRG Brzoz\u00f3w, OSP Stara Wie\u015b, OSP Humniska, OSP Grabownica, OSP Niebocko, OSP Dydnia, OSP Jab\u0142onka, OSP Zminnica.\r\n\r\n<hr \/>\r\n\r\n<h3><strong><span style=\"color: #ff0000; font-size: 18pt;\">Po\u017car sadzy w przewodzie kominowym w Starej Wsi 18.01.2021<\/span><\/strong><\/h3>\r\nW dniu 18 stycznia 2021r., ok godz 19:49 OSP Stara Wie\u015b zosta\u0142a zadysponowana do zadymienia budynku mieszkalnego. Na miejscu po rozpoznaniu okaza\u0142o si\u0119 \u017ce dosz\u0142o do po\u017caru sadzy w przewodzie kominowym.Dzi\u0119ki szybkim dzia\u0142aniom stra\u017cak\u00f3w na miejscu zdarzenia ogie\u0144 nie rozprzestrzeni\u0142 si\u0119. W dzia\u0142aniu tym bra\u0142y udzia\u0142 jednostki OSP Stara Wie\u015b, JRG Brzoz\u00f3w.\r\n\r\n<hr \/>\r\n\r\n<h3><span style=\"font-size: 18pt; color: #ff0000;\"><strong>Zadymienie budynku Urz\u0119du Miejskiego w Brzozowie 12.01.2021<\/strong><\/span><\/h3>\r\nW dniu 12 \u00a0stycznia 2021r., ok godz 15:35 OSP Stara Wie\u015b zosta\u0142a zadysponowana do zadymienia budynku Urz\u0119du Miejskiego w Brzozowie.\u00a0W dzia\u0142aniach bra\u0142y udzia\u0142 \u00a0OSP Stara Wie\u015b oraz \u00a03 zast\u0119py JRG Brzoz\u00f3w.\r\n\r\n<hr \/>\r\n\r\n<h3><span style=\"font-size: 18pt; color: #ff0000;\"><strong>Zdarzenie drogowe w Bliznem 09.01.2021<\/strong><\/span><\/h3>\r\nW dniu 09 \u00a0stycznia 2021r., ok godz 12:50 OSP Stara Wie\u015b zosta\u0142a zadysponowana do zdarzenia drogowego na drodze DW 886 w miejscowo\u015bci Bliznem.\u00a0Kieruj\u0105ca pojazdem Volkswagen Polo wyje\u017cd\u017caj\u0105c z drogi bocznej (w okolicy sklepu Lewiatan) pr\u00f3bowa\u0142a wykona\u0107 manewr skr\u0119tu w lewo w kierunku Brzozowa. Tym samym nie ust\u0105pi\u0142a pierwsze\u0144stwa przejazdu prawid\u0142owo jad\u0105cemu kierowcy kt\u00f3ry jecha\u0142 pojazdem Honda Accord od strony Domaradza. W dzia\u0142aniach bra\u0142y udzia\u0142 2 zast\u0119py OSP Stara Wie\u015b.\r\n\r\n<hr \/>\r\n\r\n<a href=\"http:\/\/www.ospstarawies.brzozow.pl\/index.php\/2018\/01\/03\/udzial-w-zdarzeniach-2018\/statystyka-udzialu-w-zdarzeniach-jednostki-osp-stara-wies-2020\/#main\" rel=\"attachment wp-att-1655\"><img decoding=\"async\" loading=\"lazy\" class=\"aligncenter size-full wp-image-1655\" src=\"http:\/\/www.ospstarawies.brzozow.pl\/wp-content\/uploads\/2018\/01\/Statystyka-udzia\u0142u-w-zdarzeniach-jednostki-OSP-Stara-Wie\u015b-2020.jpg\" alt=\"\" width=\"783\" height=\"284\" srcset=\"http:\/\/www.ospstarawies.brzozow.pl\/wp-content\/uploads\/2018\/01\/Statystyka-udzia\u0142u-w-zdarzeniach-jednostki-OSP-Stara-Wie\u015b-2020.jpg 783w, http:\/\/www.ospstarawies.brzozow.pl\/wp-content\/uploads\/2018\/01\/Statystyka-udzia\u0142u-w-zdarzeniach-jednostki-OSP-Stara-Wie\u015b-2020-300x109.jpg 300w, http:\/\/www.ospstarawies.brzozow.pl\/wp-content\/uploads\/2018\/01\/Statystyka-udzia\u0142u-w-zdarzeniach-jednostki-OSP-Stara-Wie\u015b-2020-768x279.jpg 768w\" sizes=\"(max-width: 783px) 100vw, 783px\" \/><\/a>\r\n\r\n\r\n\r\n&nbsp;\r\n\r\n\r\n\r\n&nbsp;\r\n\r\n","protected":false},"excerpt":{"rendered":"<p>Chcesz by\u0107 informowany na bie\u017c\u0105co o zdarzeniach oraz wydarzeniach do\u0142\u0105cz do facebook \u00a0 \u00a0 https:\/\/www.facebook.com\/OspStaraWies792 Zabezpieczenie powiatu brzozowskiego 19.04.2021 W dniu 19 kwietnia 2021r., ok godz 13:20 OSP Stara Wie\u015b zosta\u0142a zadysponowana do\u00a0pe\u0142nienia zabezpieczenia powiatu brzozowskiego. Zabezpieczenie pe\u0142ni\u0142a OSP Stara Wie\u015b. Po\u017car budynku mieszkalnego w Brzozowie 18.04.2021 W dniu 18 kwietnia 2021 r. ok. godz. &#8230; <a title=\"Udzia\u0142 w zdarzeniach 2021\" class=\"read-more\" href=\"http:\/\/www.ospstarawies.brzozow.pl\/index.php\/udzial-w-zdarzeniach-2021\/\" aria-label=\"More on Udzia\u0142 w zdarzeniach 2021\">Czytaj dalej<\/a><\/p>\n","protected":false},"author":1,"featured_media":0,"parent":0,"menu_order":0,"comment_status":"closed","ping_status":"closed","template":"","meta":[],"_links":{"self":[{"href":"http:\/\/www.ospstarawies.brzozow.pl\/index.php\/wp-json\/wp\/v2\/pages\/1734"}],"collection":[{"href":"http:\/\/www.ospstarawies.brzozow.pl\/index.php\/wp-json\/wp\/v2\/pages"}],"about":[{"href":"http:\/\/www.ospstarawies.brzozow.pl\/index.php\/wp-json\/wp\/v2\/types\/page"}],"author":[{"embeddable":true,"href":"http:\/\/www.ospstarawies.brzozow.pl\/index.php\/wp-json\/wp\/v2\/users\/1"}],"replies":[{"embeddable":true,"href":"http:\/\/www.ospstarawies.brzozow.pl\/index.php\/wp-json\/wp\/v2\/comments?post=1734"}],"version-history":[{"count":1,"href":"http:\/\/www.ospstarawies.brzozow.pl\/index.php\/wp-json\/wp\/v2\/pages\/1734\/revisions"}],"predecessor-version":[{"id":1735,"href":"http:\/\/www.ospstarawies.brzozow.pl\/index.php\/wp-json\/wp\/v2\/pages\/1734\/revisions\/1735"}],"wp:attachment":[{"href":"http:\/\/www.ospstarawies.brzozow.pl\/index.php\/wp-json\/wp\/v2\/media?parent=1734"}],"curies":[{"name":"wp","href":"https:\/\/api.w.org\/{rel}","templated":true}]}}