{"id":2015,"date":"2024-11-02T20:56:06","date_gmt":"2024-11-02T19:56:06","guid":{"rendered":"http:\/\/www.ospstarawies.brzozow.pl\/?page_id=2015"},"modified":"2024-11-02T21:07:51","modified_gmt":"2024-11-02T20:07:51","slug":"zawody-2023","status":"publish","type":"page","link":"http:\/\/www.ospstarawies.brzozow.pl\/index.php\/zawody-2023\/","title":{"rendered":"Zawody 2022"},"content":{"rendered":"<p><span style=\"font-family: times new roman, times, serif;\"><strong><u>M\u0118SKA DRU\u017bYNA PO\u017bARNICZA\u00a0 OSP STARA WIE\u015a\u00a0 GRUPA ,,A\u201dw 2022r:<\/u><\/strong><\/span><\/p>\n<ol>\n<li>Jakub <strong>W\u0142adyka<\/strong><\/li>\n<li>Piotr <strong>Maniawski<\/strong><\/li>\n<li>\u0141ukasz <strong>Herbut<\/strong><\/li>\n<li>Damian <strong>Szarek<\/strong><\/li>\n<li>Grzegorz <strong>Gdula<\/strong><\/li>\n<li>Dominik <strong>Kucharski<\/strong><\/li>\n<li>Szymon <strong>Fro\u0144<\/strong><\/li>\n<li>Marcin <strong>Siwy<\/strong><\/li>\n<li>Adam <strong>Szarek<\/strong><\/li>\n<\/ol>\n<p>&nbsp;<\/p>\n<p><span style=\"font-family: times new roman, times, serif;\"><strong><u>M\u0141ODZIE\u017bOWA DRU\u017bYNA PO\u017bARNICZA DZIEWCZ\u0104T OSP STARA WIE\u015a\u00a0\u00a0 w 2022r:<\/u><\/strong><\/span><\/p>\n<ol>\n<li>Monika <strong>Miezgiel<\/strong><\/li>\n<li>Julia <strong>Data<\/strong><\/li>\n<li>Wanessa <strong>Borkowska<\/strong><\/li>\n<li>Anna <strong>Herbut<\/strong><\/li>\n<li>Nadia <strong>K\u0119dra<\/strong><\/li>\n<li>Joanna <strong>Kali\u0144ska<\/strong><\/li>\n<li>Karolina <strong>Matlak<\/strong><\/li>\n<li>Julia <strong>Sabik<\/strong><\/li>\n<li>Magdalena <strong>Brzozowska<\/strong><\/li>\n<li>Wiktoria <strong>S\u0142aw\u0119cka<\/strong><\/li>\n<\/ol>\n<p><span style=\"font-family: times new roman, times, serif;\"><strong><u>M\u0141ODZIE\u017bOWA DRU\u017bYNA PO\u017bARNICZA CH\u0141OPC\u00d3W OSP STARA WIE\u015a\u00a0\u00a0 w 2022r:<\/u><\/strong><\/span><\/p>\n<ol>\n<li>Bart\u0142omiej <strong>Tomkiewicz<\/strong><\/li>\n<li>Jan <strong>Pytlak<\/strong><\/li>\n<li>Dawid <strong>Tomkiewicz<\/strong><\/li>\n<li>Jakub <strong>Gdula<\/strong><\/li>\n<li>\u0141ukasz <strong>Dydek<\/strong><\/li>\n<li>Karol <strong>Miezgiel<\/strong><\/li>\n<li>Filip <strong>Wania<\/strong><\/li>\n<li>Arkadiusz <strong>Bednarczyk<\/strong><\/li>\n<li>Arkadiusz <strong>Remiec<\/strong><\/li>\n<li>Kamil <strong>Kucharski<\/strong><\/li>\n<\/ol>\n","protected":false},"excerpt":{"rendered":"<p>M\u0118SKA DRU\u017bYNA PO\u017bARNICZA\u00a0 OSP STARA WIE\u015a\u00a0 GRUPA ,,A\u201dw 2022r: Jakub W\u0142adyka Piotr Maniawski \u0141ukasz Herbut Damian Szarek Grzegorz Gdula Dominik Kucharski Szymon Fro\u0144 Marcin Siwy Adam Szarek &nbsp; M\u0141ODZIE\u017bOWA DRU\u017bYNA PO\u017bARNICZA DZIEWCZ\u0104T OSP STARA WIE\u015a\u00a0\u00a0 w 2022r: Monika Miezgiel Julia Data Wanessa Borkowska Anna Herbut Nadia K\u0119dra Joanna Kali\u0144ska Karolina Matlak Julia Sabik Magdalena Brzozowska &#8230; <a title=\"Zawody 2022\" class=\"read-more\" href=\"http:\/\/www.ospstarawies.brzozow.pl\/index.php\/zawody-2023\/\" aria-label=\"More on Zawody 2022\">Czytaj dalej<\/a><\/p>\n","protected":false},"author":1,"featured_media":0,"parent":0,"menu_order":0,"comment_status":"closed","ping_status":"closed","template":"","meta":[],"_links":{"self":[{"href":"http:\/\/www.ospstarawies.brzozow.pl\/index.php\/wp-json\/wp\/v2\/pages\/2015"}],"collection":[{"href":"http:\/\/www.ospstarawies.brzozow.pl\/index.php\/wp-json\/wp\/v2\/pages"}],"about":[{"href":"http:\/\/www.ospstarawies.brzozow.pl\/index.php\/wp-json\/wp\/v2\/types\/page"}],"author":[{"embeddable":true,"href":"http:\/\/www.ospstarawies.brzozow.pl\/index.php\/wp-json\/wp\/v2\/users\/1"}],"replies":[{"embeddable":true,"href":"http:\/\/www.ospstarawies.brzozow.pl\/index.php\/wp-json\/wp\/v2\/comments?post=2015"}],"version-history":[{"count":4,"href":"http:\/\/www.ospstarawies.brzozow.pl\/index.php\/wp-json\/wp\/v2\/pages\/2015\/revisions"}],"predecessor-version":[{"id":2027,"href":"http:\/\/www.ospstarawies.brzozow.pl\/index.php\/wp-json\/wp\/v2\/pages\/2015\/revisions\/2027"}],"wp:attachment":[{"href":"http:\/\/www.ospstarawies.brzozow.pl\/index.php\/wp-json\/wp\/v2\/media?parent=2015"}],"curies":[{"name":"wp","href":"https:\/\/api.w.org\/{rel}","templated":true}]}}