{"id":2019,"date":"2024-11-02T20:59:16","date_gmt":"2024-11-02T19:59:16","guid":{"rendered":"http:\/\/www.ospstarawies.brzozow.pl\/?page_id=2019"},"modified":"2024-11-02T20:59:16","modified_gmt":"2024-11-02T19:59:16","slug":"zawody-2023-2","status":"publish","type":"page","link":"http:\/\/www.ospstarawies.brzozow.pl\/index.php\/zawody-2023-2\/","title":{"rendered":"Zawody 2023"},"content":{"rendered":"<p><strong><u>\u017bE\u0143SKA DRU\u017bYNA PO\u017bARNICZA\u00a0 OSP STARA WIE\u015a\u00a0 GRUPA ,,C\u201d w 2023r:<\/u><\/strong><\/p>\n<ol>\n<li>Karolina <strong>K\u0119dra<\/strong><\/li>\n<li>Gabriela <strong>Gdula<\/strong><\/li>\n<li>Martyna <strong>Szmyd<\/strong><\/li>\n<li>Julia <strong>Z\u0105bek<\/strong><\/li>\n<li>Magdalena <strong>Nogaj<\/strong><\/li>\n<li>Sabina <strong>Dydek<\/strong><\/li>\n<li>And\u017celika <strong>Maniawska<\/strong><\/li>\n<li>Aleksandra <strong>B\u0142a\u017cko<\/strong><\/li>\n<li>Marcin <strong>Siwy<\/strong> (<em>mechanik<\/em>)<\/li>\n<\/ol>\n","protected":false},"excerpt":{"rendered":"<p>\u017bE\u0143SKA DRU\u017bYNA PO\u017bARNICZA\u00a0 OSP STARA WIE\u015a\u00a0 GRUPA ,,C\u201d w 2023r: Karolina K\u0119dra Gabriela Gdula Martyna Szmyd Julia Z\u0105bek Magdalena Nogaj Sabina Dydek And\u017celika Maniawska Aleksandra B\u0142a\u017cko Marcin Siwy (mechanik)<\/p>\n","protected":false},"author":1,"featured_media":0,"parent":0,"menu_order":0,"comment_status":"closed","ping_status":"closed","template":"","meta":[],"_links":{"self":[{"href":"http:\/\/www.ospstarawies.brzozow.pl\/index.php\/wp-json\/wp\/v2\/pages\/2019"}],"collection":[{"href":"http:\/\/www.ospstarawies.brzozow.pl\/index.php\/wp-json\/wp\/v2\/pages"}],"about":[{"href":"http:\/\/www.ospstarawies.brzozow.pl\/index.php\/wp-json\/wp\/v2\/types\/page"}],"author":[{"embeddable":true,"href":"http:\/\/www.ospstarawies.brzozow.pl\/index.php\/wp-json\/wp\/v2\/users\/1"}],"replies":[{"embeddable":true,"href":"http:\/\/www.ospstarawies.brzozow.pl\/index.php\/wp-json\/wp\/v2\/comments?post=2019"}],"version-history":[{"count":1,"href":"http:\/\/www.ospstarawies.brzozow.pl\/index.php\/wp-json\/wp\/v2\/pages\/2019\/revisions"}],"predecessor-version":[{"id":2020,"href":"http:\/\/www.ospstarawies.brzozow.pl\/index.php\/wp-json\/wp\/v2\/pages\/2019\/revisions\/2020"}],"wp:attachment":[{"href":"http:\/\/www.ospstarawies.brzozow.pl\/index.php\/wp-json\/wp\/v2\/media?parent=2019"}],"curies":[{"name":"wp","href":"https:\/\/api.w.org\/{rel}","templated":true}]}}