{"id":2023,"date":"2024-11-02T21:00:48","date_gmt":"2024-11-02T20:00:48","guid":{"rendered":"http:\/\/www.ospstarawies.brzozow.pl\/?page_id=2023"},"modified":"2024-11-02T21:00:48","modified_gmt":"2024-11-02T20:00:48","slug":"zawody-lata-poprzednie","status":"publish","type":"page","link":"http:\/\/www.ospstarawies.brzozow.pl\/index.php\/zawody-lata-poprzednie\/","title":{"rendered":"Zawody lata poprzednie"},"content":{"rendered":"<p><strong><u>\u017bE\u0143SKA DRU\u017bYNA\u00a0 PO\u017bARNICZA OSP STARA WIE\u015a W LATACH POPRZEDNICH:<\/u><\/strong><\/p>\n<ol>\n<li>Karolina <strong>CURZYTEK<\/strong><\/li>\n<li>Martyna <strong>CZECH<\/strong><\/li>\n<li>Dominika <strong>DOMARADZKA<\/strong><\/li>\n<li>\u00a0Aleksandra <strong>DYDEK<\/strong><\/li>\n<li>\u00a0 Joanna <strong>GAZDA<\/strong><\/li>\n<li>Gabriela <strong>K\u0118DRA<\/strong><\/li>\n<li>Patrycja <strong>KUCHARSKA<\/strong><\/li>\n<li>\u00a0And\u017celika <strong>MANIAWSKA<\/strong><\/li>\n<li>\u00a0 Luiza<strong> REMIEC<\/strong><\/li>\n<li>\u00a0 Julia <strong>SABIK<\/strong><\/li>\n<li>\u00a0Natalia <strong>SABIK<\/strong><\/li>\n<li>\u00a0Aleksandra <strong>SZMYD<\/strong><\/li>\n<li>\u00a0Julia <strong>Z\u0104BEK<\/strong><\/li>\n<li>Agnieszka<strong> Szuba<\/strong><\/li>\n<li>El\u017cbieta <strong>Lorenc<\/strong><\/li>\n<li>Malwina <strong>Kali\u0144ska<\/strong><\/li>\n<li>Monika <strong>Data<\/strong><\/li>\n<li>Justyna<strong> Kali\u0144ska<\/strong><\/li>\n<\/ol>\n<p>&nbsp;<\/p>\n<p><strong><u>M\u0141ODZIE\u017bOWA DRU\u017bYNA CH\u0141OPC\u00d3W OSP STARA WIE\u015a:<\/u><\/strong><\/p>\n<ol>\n<li>Bart\u0142omiej <strong>BARGIE\u0141<\/strong><\/li>\n<li>\u00a0Jakub\u00a0<strong>BIELAWSKI<\/strong><\/li>\n<li>Jakub <strong>BORO\u0143<\/strong><\/li>\n<li>\u00a0Bart\u0142omiej <strong>CURZYTEK\u00a0<\/strong><\/li>\n<li>\u00a0 Dominik <strong>KUCHARSKI<\/strong><\/li>\n<li>\u00a0Jan <strong>KUCHARSKI\u00a0<\/strong><\/li>\n<li>Dominik <strong>SOBA\u015a\u00a0<\/strong><\/li>\n<li>\u00a0 Kamil <strong>SZAREK<\/strong><\/li>\n<li>\u00a0Jakub <strong>W\u0141ADYK<\/strong><\/li>\n<\/ol>\n","protected":false},"excerpt":{"rendered":"<p>\u017bE\u0143SKA DRU\u017bYNA\u00a0 PO\u017bARNICZA OSP STARA WIE\u015a W LATACH POPRZEDNICH: Karolina CURZYTEK Martyna CZECH Dominika DOMARADZKA \u00a0Aleksandra DYDEK \u00a0 Joanna GAZDA Gabriela K\u0118DRA Patrycja KUCHARSKA \u00a0And\u017celika MANIAWSKA \u00a0 Luiza REMIEC \u00a0 Julia SABIK \u00a0Natalia SABIK \u00a0Aleksandra SZMYD \u00a0Julia Z\u0104BEK Agnieszka Szuba El\u017cbieta Lorenc Malwina Kali\u0144ska Monika Data Justyna Kali\u0144ska &nbsp; M\u0141ODZIE\u017bOWA DRU\u017bYNA CH\u0141OPC\u00d3W OSP STARA WIE\u015a: &#8230; <a title=\"Zawody lata poprzednie\" class=\"read-more\" href=\"http:\/\/www.ospstarawies.brzozow.pl\/index.php\/zawody-lata-poprzednie\/\" aria-label=\"More on Zawody lata poprzednie\">Czytaj dalej<\/a><\/p>\n","protected":false},"author":1,"featured_media":0,"parent":0,"menu_order":0,"comment_status":"closed","ping_status":"closed","template":"","meta":[],"_links":{"self":[{"href":"http:\/\/www.ospstarawies.brzozow.pl\/index.php\/wp-json\/wp\/v2\/pages\/2023"}],"collection":[{"href":"http:\/\/www.ospstarawies.brzozow.pl\/index.php\/wp-json\/wp\/v2\/pages"}],"about":[{"href":"http:\/\/www.ospstarawies.brzozow.pl\/index.php\/wp-json\/wp\/v2\/types\/page"}],"author":[{"embeddable":true,"href":"http:\/\/www.ospstarawies.brzozow.pl\/index.php\/wp-json\/wp\/v2\/users\/1"}],"replies":[{"embeddable":true,"href":"http:\/\/www.ospstarawies.brzozow.pl\/index.php\/wp-json\/wp\/v2\/comments?post=2023"}],"version-history":[{"count":1,"href":"http:\/\/www.ospstarawies.brzozow.pl\/index.php\/wp-json\/wp\/v2\/pages\/2023\/revisions"}],"predecessor-version":[{"id":2024,"href":"http:\/\/www.ospstarawies.brzozow.pl\/index.php\/wp-json\/wp\/v2\/pages\/2023\/revisions\/2024"}],"wp:attachment":[{"href":"http:\/\/www.ospstarawies.brzozow.pl\/index.php\/wp-json\/wp\/v2\/media?parent=2023"}],"curies":[{"name":"wp","href":"https:\/\/api.w.org\/{rel}","templated":true}]}}