{"id":2145,"date":"2024-11-10T23:45:18","date_gmt":"2024-11-10T22:45:18","guid":{"rendered":"http:\/\/www.ospstarawies.brzozow.pl\/?page_id=2145"},"modified":"2024-12-26T17:03:12","modified_gmt":"2024-12-26T16:03:12","slug":"udzial-w-zdarzeniach-2024","status":"publish","type":"page","link":"http:\/\/www.ospstarawies.brzozow.pl\/index.php\/udzial-w-zdarzeniach-2024\/","title":{"rendered":"Udzia\u0142 w zdarzeniach 2024"},"content":{"rendered":"<div class=\"html-div xdj266r x11i5rnm xat24cr x1mh8g0r xexx8yu x4uap5 x18d9i69 xkhd6sd\" dir=\"auto\">\n<p style=\"text-align: center;\"><span style=\"font-size: 18pt; color: #ff0000;\">PO\u017bAR W HUMNISKACH<\/span><\/p>\n<p style=\"text-align: left;\">\n26 grudnia 2024 o godz 5:59, nasza jednostka zosta\u0142a zadysponowana do po\u017caru pustostanu w miejscowo\u015bci Humniska. W akcji ga\u015bniczej przez dwie godziny z ogniem walczy\u0142o \u0142\u0105cznie ponad 30 stra\u017cak\u00f3w PSP oraz OSP, po czym ogie\u0144 zosta\u0142 opanowany a wszystkie zarzewia ognia zosta\u0142y dogaszone.<br \/>\nSi\u015b:<br \/>\nJRG Brzoz\u00f3w: GCBA Man, GBARt Renault<br \/>\nOSP Humniska: GCBA Volvo, GLBM Iveco<br \/>\nOSP Brzoz\u00f3w: GCBA Jelcz, GLM Ford Transit<br \/>\nOSP Grabownica: GBA Star<br \/>\nOSP Przysietnica: GBA Mercedes<br \/>\nOSP Stara Wie\u015b: GCBA Mercedes.<\/p>\n<p><a href=\"http:\/\/www.ospstarawies.brzozow.pl\/index.php\/udzial-w-zdarzeniach-2024\/h\/#main\" rel=\"attachment wp-att-2211\"><img decoding=\"async\" loading=\"lazy\" class=\"alignleft size-thumbnail wp-image-2211\" src=\"http:\/\/www.ospstarawies.brzozow.pl\/wp-content\/uploads\/2024\/12\/h-150x150.jpg\" alt=\"\" width=\"150\" height=\"150\" \/><\/a><a href=\"http:\/\/www.ospstarawies.brzozow.pl\/index.php\/udzial-w-zdarzeniach-2024\/h1\/#main\" rel=\"attachment wp-att-2212\"><img decoding=\"async\" loading=\"lazy\" class=\"alignleft size-thumbnail wp-image-2212\" src=\"http:\/\/www.ospstarawies.brzozow.pl\/wp-content\/uploads\/2024\/12\/h1-150x150.jpg\" alt=\"\" width=\"150\" height=\"150\" \/><\/a><a href=\"http:\/\/www.ospstarawies.brzozow.pl\/index.php\/udzial-w-zdarzeniach-2024\/h2\/#main\" rel=\"attachment wp-att-2213\"><img decoding=\"async\" loading=\"lazy\" class=\"alignleft size-thumbnail wp-image-2213\" src=\"http:\/\/www.ospstarawies.brzozow.pl\/wp-content\/uploads\/2024\/12\/h2-150x150.jpg\" alt=\"\" width=\"150\" height=\"150\" \/><\/a><\/p>\n<\/div>\n<p>&nbsp;<\/p>\n<p>&nbsp;<\/p>\n<p>&nbsp;<\/p>\n<p>&nbsp;<\/p>\n<div class=\"html-div xdj266r x11i5rnm xat24cr x1mh8g0r xexx8yu x4uap5 x18d9i69 xkhd6sd\" dir=\"auto\">\n<div class=\"html-div xdj266r x11i5rnm xat24cr x1mh8g0r xexx8yu x4uap5 x18d9i69 xkhd6sd\" data-ad-rendering-role=\"story_message\">\n<div id=\":r2cu:\" class=\"x1l90r2v x1iorvi4 x1ye3gou xn6708d\" data-ad-comet-preview=\"message\" data-ad-preview=\"message\">\n<div class=\"x78zum5 xdt5ytf xz62fqu x16ldp7u\">\n<hr \/>\n<div class=\"xu06os2 x1ok221b\">\n<div class=\"xdj266r x11i5rnm xat24cr x1mh8g0r x1vvkbs x126k92a\">\n<div dir=\"auto\"><\/div>\n<div dir=\"auto\">\u00a0\u00a0\u00a0\u00a0\u00a0\u00a0\u00a0\u00a0\u00a0\u00a0\u00a0\u00a0\u00a0\u00a0\u00a0\u00a0\u00a0\u00a0\u00a0\u00a0\u00a0\u00a0\u00a0\u00a0\u00a0\u00a0\u00a0\u00a0\u00a0\u00a0\u00a0\u00a0\u00a0\u00a0\u00a0\u00a0\u00a0\u00a0\u00a0\u00a0\u00a0\u00a0\u00a0\u00a0\u00a0\u00a0\u00a0\u00a0\u00a0\u00a0\u00a0\u00a0<span style=\"font-size: 14pt;\"><span style=\"font-size: 18pt; color: #ff0000;\"> PO\u017bAR W\u0118DZARNI<\/span><\/span><\/div>\n<div dir=\"auto\"><\/div>\n<\/div>\n<div class=\"x11i5rnm xat24cr x1mh8g0r x1vvkbs xtlvy1s x126k92a\">\n<div dir=\"auto\">22 grudnia 2024 ok godz. 20:10 nasza jednostka zosta\u0142a zadysponowana do po\u017caru drewnianej w\u0119dzarni, kt\u00f3ra znajdowa\u0142a w bezpo\u015brednim s\u0105siedztwie zabudowa\u0144. Po\u017car zosta\u0142 szybko opanowany, wszystkie zarzewia ognia zosta\u0142y dogaszone. Nie by\u0142o os\u00f3b poszkodowanych.<\/div>\n<div dir=\"auto\">Si\u015b:<\/div>\n<div dir=\"auto\">2 zast\u0119py JRG PSP Brzoz\u00f3w<\/div>\n<div dir=\"auto\">OSP Stara Wie\u015b<\/div>\n<\/div>\n<\/div>\n<\/div>\n<\/div>\n<\/div>\n<\/div>\n<div dir=\"auto\"><\/div>\n<div dir=\"auto\"><a href=\"http:\/\/www.ospstarawies.brzozow.pl\/index.php\/udzial-w-zdarzeniach-2024\/swiatla\/#main\" rel=\"attachment wp-att-2209\"><img decoding=\"async\" loading=\"lazy\" class=\"size-full wp-image-2209 aligncenter\" src=\"http:\/\/www.ospstarawies.brzozow.pl\/wp-content\/uploads\/2024\/12\/swiatla.jpg\" alt=\"\" width=\"284\" height=\"177\" \/><\/a><\/div>\n<div dir=\"auto\"><\/div>\n<hr \/>\n<p style=\"text-align: center;\"><span style=\"font-size: 18pt; color: #ff0000;\">Wypadek quada w lesie<\/span><\/p>\n<p>30 listopada 2024 roku w oko\u0142o godz. 18:10\u00a0\u00a0 nasza jednostka zosta\u0142a zadysponowana do wypadku z udzia\u0142em quada na \u00a0terenie le\u015bnym \u00a0naszej miejscowo\u015bci. Po p\u00f3\u0142toragodzinnych poszukiwaniach prowadzonych przez funkcjonariuszy Policji, PSP oraz cz\u0142onk\u00f3w naszej \u00a0OSP, poszkodowany zosta\u0142 odnaleziony i quadem PSP zosta\u0142 przetransportowany do karetki gdzie zosta\u0142 oddany pod opiek\u0119 ratownik\u00f3w.<\/p>\n<p>Si\u015a: Trzy zast\u0119py PSP Brzoz\u00f3w, Policja, ZRM, dwa zast\u0119py OSP Stara Wie\u015b.<\/p>\n<p><a href=\"http:\/\/www.ospstarawies.brzozow.pl\/index.php\/udzial-w-zdarzeniach-2024\/quad-straz\/#main\" rel=\"attachment wp-att-2186\"><img decoding=\"async\" loading=\"lazy\" class=\"size-medium wp-image-2186 aligncenter\" src=\"http:\/\/www.ospstarawies.brzozow.pl\/wp-content\/uploads\/2024\/12\/quad-straz-300x199.jpg\" alt=\"\" width=\"300\" height=\"199\" srcset=\"http:\/\/www.ospstarawies.brzozow.pl\/wp-content\/uploads\/2024\/12\/quad-straz-300x199.jpg 300w, http:\/\/www.ospstarawies.brzozow.pl\/wp-content\/uploads\/2024\/12\/quad-straz-1024x678.jpg 1024w, http:\/\/www.ospstarawies.brzozow.pl\/wp-content\/uploads\/2024\/12\/quad-straz-768x509.jpg 768w, http:\/\/www.ospstarawies.brzozow.pl\/wp-content\/uploads\/2024\/12\/quad-straz-1536x1017.jpg 1536w, http:\/\/www.ospstarawies.brzozow.pl\/wp-content\/uploads\/2024\/12\/quad-straz-2048x1356.jpg 2048w\" sizes=\"(max-width: 300px) 100vw, 300px\" \/><\/a><\/p>\n<p>&nbsp;<\/p>\n<p>&nbsp;<\/p>\n<p>&nbsp;<\/p>\n<p>&nbsp;<\/p>\n<hr \/>\n<p>&nbsp;<\/p>\n<p>&nbsp;<\/p>\n<p style=\"text-align: center;\"><span style=\"font-size: 18pt; color: #ff0000;\">Wypadek komunikacyjny<\/span><\/p>\n<p>W dniu 18 listopada 2024r. o godz 15:10 zostali\u015bmy zadysponowani do wypadku komunikacyjnego do kt\u00f3rego dosz\u0142o na granicy Starej Wsi a miejscowo\u015bci\u0105 Blizne. Kieruj\u0105ca samochodem osobowym zasn\u0119\u0142a za kierownic\u0105, zjecha\u0142a na przeciwleg\u0142y pas ruchu po czym uderzy\u0142a w bok samochodu jad\u0105cego z przeciwnej strony. Nikt w tym zdarzeniu nie odni\u00f3s\u0142 powa\u017cnych obra\u017ce\u0144. Ruch odbywa\u0142 si\u0119 wahad\u0142owo, utrudnienia trwa\u0142y do oko\u0142o 18:20 ze wzgl\u0119du na prowadzone czynno\u015bci ustalaj\u0105ce przyczyn\u0119 wypadku, oraz p\u00f3\u017aniejsze zholowanie samochodu.<\/p>\n<p>Si\u015a :KPP Brzoz\u00f3w, dwa zast\u0119py JRG PSP Brzoz\u00f3w, OSP Stara Wie\u015b.<\/p>\n<p><a href=\"http:\/\/www.ospstarawies.brzozow.pl\/index.php\/udzial-w-zdarzeniach-2024\/wypadek1\/#main\" rel=\"attachment wp-att-2170\"><img decoding=\"async\" loading=\"lazy\" class=\"alignleft size-thumbnail wp-image-2170\" src=\"http:\/\/www.ospstarawies.brzozow.pl\/wp-content\/uploads\/2024\/11\/wypadek1-150x150.jpg\" alt=\"\" width=\"150\" height=\"150\" \/><\/a><a href=\"http:\/\/www.ospstarawies.brzozow.pl\/index.php\/udzial-w-zdarzeniach-2024\/wypadek\/#main\" rel=\"attachment wp-att-2171\"><img decoding=\"async\" loading=\"lazy\" class=\"size-thumbnail wp-image-2171 alignleft\" src=\"http:\/\/www.ospstarawies.brzozow.pl\/wp-content\/uploads\/2024\/11\/wypadek-150x150.jpg\" alt=\"\" width=\"150\" height=\"150\" \/><\/a><\/p>\n<p>&nbsp;<\/p>\n<p>&nbsp;<\/p>\n<p>&nbsp;<\/p>\n<p>&nbsp;<\/p>\n<hr \/>\n<p style=\"text-align: center;\">\u00a0\u00a0 <span style=\"font-size: 18pt; color: #ff0000;\">Po\u017car gara\u017cu<\/span><\/p>\n<p><span style=\"color: #000000;\">W dniu 1 listopada ok. godz 13:40, nasza jednostka zosta\u0142a zadysponowana do po\u017caru gara\u017cu w miejscowo\u015bci Przysietnica. Spaleniu uleg\u0142 gara\u017c, oraz cz\u0119\u015b\u0107 poszycia dachowego na przylegaj\u0105cym do gara\u017cu domu. W akcji ga\u015bniczej bra\u0142o oko\u0142o 70 stra\u017cak\u00f3w.\u00a0 <\/span><\/p>\n<p>Si\u015a: JRG\u00a0 PSP Brzoz\u00f3w, OSP Przysietnica, OSP Humniska, OSP Izdebki, OSP Stara Wie\u015b, OSP Brzoz\u00f3w, OSP Blizne, KPP Brzoz\u00f3w, Bieszczadzkie Pogotowie Ratownicze.<\/p>\n<p>&nbsp;<\/p>\n<hr \/>\n<p style=\"text-align: center;\"><span style=\"color: #000000;\"><span style=\"color: #ff0000; font-size: 18pt;\">Nocne poszukiwania grzybiarza<\/span><br \/>\n<\/span><\/p>\n<p>14 pa\u017adziernika 2024 o godz 21:33, OSP Stara Wie\u015b zosta\u0142a wezwana do Brzozowa na koniec ulicy Polnej, gdzie rozpocz\u0119to poszukiwania grzybiarza kt\u00f3ry wyszed\u0142 rano na grzyby do lasu i do tej pory nie wr\u00f3ci\u0142. Na ca\u0142e szcz\u0119\u015bcie zaginiony zosta\u0142 odnaleziony po ok. 40 min.<\/p>\n<hr \/>\n<p style=\"text-align: center;\"><span style=\"font-size: 18pt; color: #ff0000;\">Miejscowe zagro\u017cenie w naszej miejscowo\u015bci<\/span><\/p>\n<p><span style=\"color: #000000;\">10 pa\u017adziernika 2024r, nasza jednostka OSP zosta\u0142a zadysponowana do usuni\u0119cia z\u0142amanego drzewa kt\u00f3re utrudnia\u0142o korzystanie\u00a0 z drogi mieszka\u0144com naszej miejscowo\u015bci.<\/span><\/p>\n<hr \/>\n<p style=\"text-align: center;\"><span style=\"color: #ff0000; font-size: 18pt;\">Po\u017car gara\u017cu<\/span><\/p>\n<p><span style=\"color: #000000;\">8 pa\u017adziernika 2024, OSP naszej miejscowo\u015bci zosta\u0142o wezwane do po\u017caru gara\u017cu w s\u0105siedniej Przysietnicy. Spaleniu uleg\u0142o wn\u0119trze gara\u017cu, oraz cz\u0119\u015b\u0107 poszycia dachowego. <\/span><\/p>\n<p><span style=\"color: #000000;\">Si\u015a: JRG PSP Brzoz\u00f3w, OSP Przysietnica, OSP Stara Wie\u015b, OSP Humniska.<\/span><\/p>\n<hr \/>\n<p style=\"text-align: center;\"><span style=\"color: #ff0000; font-size: 18pt;\">Miejscowe zagro\u017cenie<\/span><\/p>\n<p><span style=\"color: #000000;\">22 wrze\u015bnia 2024r ok godz 13:50, nasza jednostka zosta\u0142a zadysponowana do wypadku komunikacyjnego na granicy Starej Wsi z Orzech\u00f3wk\u0105, gdzie samoch\u00f3d osobowy wpad\u0142 do rowu, z ustale\u0144 wynik\u0142o \u017ce w samochodzie p\u0119k\u0142a opona z prawej strony, wynikiem czego samoch\u00f3d znalaz\u0142 si\u0119 w rowie. Nikt z podr\u00f3\u017cuj\u0105cych nie odni\u00f3s\u0142 \u017cadnych obra\u017ce\u0144. Si\u015a: KPP Brzoz\u00f3w, OSP Stara Wie\u015b, Bieszczadzkie Pogotowie Ratownicze.<\/span><\/p>\n<hr \/>\n<p style=\"text-align: center;\"><span style=\"font-size: 18pt; color: #ff0000;\">Po\u017car gara\u017cu<\/span><\/p>\n<p><span style=\"color: #000000;\">W dniu 13 wrze\u015bnia 2024 o godz. 10:00, OSP Stara Wie\u015b zosta\u0142a wezwana do po\u017caru gara\u017cu w Brzozowie na ulicy Bema. W gara\u017cu znajdowa\u0142y si\u0119 quady, kilka z nich uleg\u0142o spaleniu. <\/span><\/p>\n<p><span style=\"color: #000000;\">Si\u015a: JRG PSP Brzoz\u00f3w, OSP Stara Wie\u015b.<\/span><\/p>\n<hr \/>\n<p style=\"text-align: center;\"><span style=\"font-size: 18pt; color: #ff0000;\">Otwarcie mieszkania<\/span><\/p>\n<p>9 wrze\u015bnia 2024 o godz. 9:43, zostali\u015bmy zadysponowani do otarcia mieszania w naszej miejscowo\u015bci.<\/p>\n<p>Si\u015a: OSP Stara Wie\u015b, JRG PSP Brzoz\u00f3w, KPP, Bieszczadzkie Pogotowie Ratownicze .<\/p>\n<hr \/>\n<p style=\"text-align: center;\"><span style=\"font-size: 18pt; color: #ff0000;\">Kolizja dw\u00f3ch samochod\u00f3w<\/span><\/p>\n<p><span style=\"color: #000000;\">25 sierpnia 2024r o godz. 13:14, nasza jednostka zosta\u0142a zadysponowana do miejscowo\u015bci Blizne,\u00a0 gdzie dosz\u0142o do uderzenia w ty\u0142 samochodu poprzedzaj\u0105cego. Nikt w tym zdarzeniu nie dozna\u0142 obra\u017ce\u0144. <\/span><\/p>\n<p><span style=\"color: #000000;\">Si\u015a: OSP Stara Wie\u015b, JRG PSP Brzoz\u00f3w, KPP Brzoz\u00f3w, BPR.<\/span><\/p>\n<hr \/>\n<p style=\"text-align: center;\"><span style=\"font-size: 18pt; color: #ff0000;\">Miejscowe zagro\u017cenie<\/span><\/p>\n<p>24 sierpnia 2024r, nasza jednostka OSP zosta\u0142a zadysponowana do usuni\u0119cia gniazda szerszeni, kt\u00f3re znajdowa\u0142o si\u0119 w szczycie dachu domu jednorodzinnego.<\/p>\n<hr \/>\n<p style=\"text-align: center;\"><span style=\"font-size: 18pt; color: #ff0000;\">Miejscowe zagro\u017cenie<\/span><\/p>\n<p>18 sierpnia 2024 o godz 9:06, OSP Stara Wie\u015b bra\u0142a udzia\u0142 w niecodziennym zdarzeniu, kt\u00f3rym by\u0142 uwi\u0119ziony ko\u0144 w mule rowu melioracyjnego, przebiegaj\u0105cego przez pastwisko. Zwierz\u0119 uda\u0142o si\u0119 wyci\u0105gn\u0105\u0107 po czym zosta\u0142o umyte i przekazane w\u0142a\u015bcicielowi.<\/p>\n<p>Si\u015a: OSP Stara Wie\u015b,\u00a0 JRG Brzoz\u00f3w<\/p>\n<hr \/>\n<p style=\"text-align: center;\"><span style=\"color: #ff0000; font-size: 18pt;\">Po\u017car instalacji<\/span><\/p>\n<p><span style=\"color: #000000;\">13 sierpnia 2024 o godz 16:21, nasza jednostka zosta\u0142a zadysponowana po po\u017caru instalacji FV w domu mieszkalnym naszej miejscowo\u015bci, oby\u0142o si\u0119 bez wi\u0119kszych strat, jedynie uszkodzeniu uleg\u0142y przewody instalacyjne. <\/span><\/p>\n<p><span style=\"color: #000000;\">Si\u015a: OSP Stara Wie\u015b, JRG Brzoz\u00f3w.<\/span><\/p>\n<hr \/>\n<p style=\"text-align: center;\"><span style=\"font-size: 18pt; color: #ff0000;\">Gniazdo szerszeni<\/span><\/p>\n<p><span style=\"color: #000000;\">11 sierpnia 2024 ok. godz. 18:20, OSP Stara Wie\u015b zosta\u0142a wezwana do usuni\u0119cia gniazda szerszeni znajduj\u0105cego si\u0119 na strychu domu mieszkalnego.<\/span><\/p>\n<hr \/>\n<p style=\"text-align: center;\"><span style=\"font-size: 18pt; color: #ff0000;\">Gniazdo os<\/span><\/p>\n<p>7 sierpnia 2024 o godz 16:26, nasza jednostka zosta\u0142a zadysponowana do usuni\u0119cia gniazda znajduj\u0105cego si\u0119 na strychu domu jednorodzinnego.<\/p>\n<hr \/>\n<p style=\"text-align: center;\"><span style=\"font-size: 18pt; color: #ff0000;\">Owady b\u0142onkoskrzyd\u0142e<\/span><\/p>\n<p>27 lipca 2024 o godz 17: 20, zostali\u015bmy wezwani do usuni\u0119cia gniazda os kt\u00f3re znajdowa\u0142y si\u0119 pod dachem domu na wysoko\u015bci drugiego pi\u0119tra. Owady by\u0142y agresywne jednak gniazdo uda\u0142o si\u0119 usun\u0105\u0107.<\/p>\n<hr \/>\n<p style=\"text-align: center;\"><span style=\"font-size: 18pt; color: #ff0000;\">Gniazdo szerszeni<\/span><\/p>\n<p>22 lipca 2024 o godz 17:53, zostali\u015bmy wezwani do usuni\u0119cia gniazda szerszeni znajduj\u0105cego si\u0119 w domu mieszkalnym.<\/p>\n<hr \/>\n<p style=\"text-align: center;\"><span style=\"color: #ff0000; font-size: 18pt;\">Gniazdo os<\/span><\/p>\n<p>20 lipca 2024 o godz. 9:03 zostali\u015bmy zadysponowani do usuni\u0119cia kilku gniazd os znajduj\u0105cych si\u0119 na poddaszu domu jednorodzinnego, w kt\u00f3rym mieszka\u0142o dwoje starszych os\u00f3b.<\/p>\n<hr \/>\n<p style=\"text-align: center;\"><span style=\"font-size: 18pt; color: #ff0000;\">Gniazdo os<\/span><\/p>\n<p>19 lipca 2024 o godz. 19:28 nasza jednostka zosta\u0142a zadysponowana do usuni\u0119cia pot\u0119\u017cnego gniazda os kt\u00f3re znajdowa\u0142o si\u0119 w ziemi tu\u017c przy budynku mieszkalnym.<\/p>\n<hr \/>\n<p style=\"text-align: center;\"><span style=\"font-size: 18pt; color: #ff0000;\">Gniazdo szerszeni<\/span><\/p>\n<p>18 lipca 2024 o godz. 20:43 zostali\u015bmy zaalarmowani do usuni\u0119cia kilku gniazd szerszeni znajduj\u0105cych si\u0119 na strychu drewnianego domu mieszkalnego, w kt\u00f3rym mieszka\u0142a starsza samotna osoba. Zagro\u017cenie zosta\u0142o za\u017cegnane.<\/p>\n<hr \/>\n<p style=\"text-align: center;\"><span style=\"font-size: 18pt; color: #ff0000;\">Miejscowe zagro\u017cenie<\/span><\/p>\n<p>18 lipca 2024 o godz. 11:08 zostali\u015bmy zadysponowani na granic\u0119 naszej miejscowo\u015bci z miejscowo\u015bci\u0105 Orzech\u00f3wka, celem usuni\u0119cia zanieczyszczenia znajduj\u0105cego si\u0119 na drodze.<\/p>\n<p>Si\u015a: OSP Stara Wie\u015b, JRG Brzoz\u00f3w.<\/p>\n<hr \/>\n<p style=\"text-align: center;\"><span style=\"color: #ff0000; font-size: 18pt;\">Gniazdo szerszeni<\/span><\/p>\n<p>17 lipca 2024 o godz. 18:10 zostali\u015bmy zadysponowani do usuni\u0119cia gniazda szerszeni w budynku mieszkalnym znajduj\u0105cym si\u0119 w naszej miejscowo\u015bci.<\/p>\n<hr \/>\n<p style=\"text-align: center;\"><span style=\"font-size: 18pt; color: #ff0000;\">Zabezpieczenie rejonu<\/span><\/p>\n<p>14 lipca 2024 o godz. 20:58 zostali\u015bmy wezwani do zabezpieczenia rejonu, na czas nieobecno\u015bci\u00a0 JRG Brzoz\u00f3w, kt\u00f3re prowadzi\u0142o dzia\u0142ania w innej miejscowo\u015bci.<\/p>\n<hr \/>\n<p style=\"text-align: center;\"><span style=\"font-size: 18pt; color: #ff0000;\">Po\u017car<\/span><\/p>\n<p>11 lipca 2024 o godz, 5:25 rano nasza jednostka zosta\u0142a wezwana do po\u017caru hali magazynowej Merkury Market w Kro\u015bnie, naszym zadaniem\u00a0 by\u0142o wej\u015bcie w aparatach ODO do wn\u0119trza obiektu i przy u\u017cyciu dzia\u0142ka wodnego zwalcza\u0107 nowe zarzewia ognia nie dopuszczaj\u0105c do jego dalszego rozprzestrzeniania. W akcji bra\u0142o ponad 55 zast\u0119p\u00f3w Pa\u0144stwowej oraz Ochotniczej Stra\u017cy Po\u017carnej, \u0142\u0105cznie by\u0142o 820 stra\u017cak\u00f3w i 199 pojazd\u00f3w ga\u015bniczych.<\/p>\n<hr \/>\n<p style=\"text-align: center;\"><span style=\"font-size: 18pt; color: #ff0000;\">Gniazdo szerszeni<\/span><\/p>\n<p>9 lipca 2024 o godz 20:04, nasza jednostka OSP zosta\u0142a wezwana do usuni\u0119cia gniazda szerszeni znajduj\u0105cego si\u0119 w elewacji domu mieszkalnego.<\/p>\n<hr \/>\n<p style=\"text-align: center;\"><span style=\"font-size: 18pt; color: #ff0000;\">Gniazdo os<\/span><\/p>\n<p>4 lipca 2024 o godz. 17:00 zostali\u015bmy wezwani do usuni\u0119cia gniazda os znajduj\u0105cego si\u0119 na strychu o domu jednorodzinnego w naszej miejscowo\u015bci.<\/p>\n<hr \/>\n<p style=\"text-align: center;\"><span style=\"font-size: 18pt; color: #ff0000;\">Po\u017car<\/span><\/p>\n<p>24 czerwca 2024 o godz. 15:48 nasza jednostka zosta\u0142a wezwana do po\u017caru gara\u017cu domu jednorodzinnego w miejscowo\u015bci Brzoz\u00f3w na ulicy G\u0142owackiego. Niewielkiemu spaleniu uleg\u0142y\u00a0 przedmioty nagromadzone w pomieszczeniu, nikomu nic si\u0119 nie sta\u0142o.<\/p>\n<p>Si\u015a: JRG Brzoz\u00f3w, OSP Stara Wie\u015b.<\/p>\n<hr \/>\n<p>22 czerwca 2024 o godz. 12:23, zostali\u015bmy wezwani przez dy\u017curnego PSP, do powalonego drzewa na drog\u0119 prowadz\u0105ca na Will\u0119.<\/p>\n<hr \/>\n<p style=\"text-align: center;\"><span style=\"font-size: 18pt; color: #ff0000;\">Gniazdo szerszeni<\/span><\/p>\n<p>15 czerwca 2024 o godz 16:45, nasza jednostka po raz drugi tego dnia zosta\u0142a zadysponowana do usuni\u0119cia gniazda szerszeni, znajduj\u0105cego si\u0119 w szczycie dachu domu jednorodzinnego, u jednego z mieszka\u0144c\u00f3w nasze miejscowo\u015bci.<\/p>\n<hr \/>\n<p style=\"text-align: center;\"><span style=\"font-size: 18pt; color: #ff0000;\">Gniazdo os<\/span><\/p>\n<p>15 czerwca 2024 o godz. 15:42, OSP Stara Wie\u015b zosta\u0142a wezwana do usuni\u0119cia dw\u00f3ch gniazd os znajduj\u0105cych si\u0119 w szczycie dachu domu mieszkalnego naszego mieszka\u0144ca.<\/p>\n<hr \/>\n<p style=\"text-align: center;\"><span style=\"color: #ff0000; font-size: 18pt;\">Osy w Bliznem<\/span><\/p>\n<p>4 czerwca 2024 o godz. 14:38, dy\u017curny PSP wezwa\u0142 nasz\u0105 OSP do miejscowo\u015bci Blizne, gdzie zagro\u017ceniem dla zdrowia i \u017cycia sta\u0142y si\u0119 agresywne osy, kt\u00f3re zadomowi\u0142y\u00a0 si\u0119 pod dachem domu tu\u017c nad wej\u015bciem. Gniazdo os zosta\u0142o zdj\u0119te.<\/p>\n<hr \/>\n<p style=\"text-align: center;\"><span style=\"font-size: 18pt; color: #ff0000;\">Wypadek komunikacyjny<\/span><\/p>\n<p>3 czerwca 2024 o godz. 19:01 nasza jednostka zosta\u0142a zadysponowana do wypadku komunikacyjnego na terenie naszej miejscowo\u015bci, w kt\u00f3rym uczestniczy\u0142y dwa samochody osobowe. Nikt z uczestnik\u00f3w zdarzenie nie dozna\u0142 powa\u017cniejszych obra\u017ce\u0144.<\/p>\n<p>Si\u015a: JRG Brzoz\u00f3w, OSP Stara Wie\u015b, KPP Brzoz\u00f3w<\/p>\n<hr \/>\n<p style=\"text-align: center;\"><span style=\"font-size: 18pt; color: #ff0000;\">Bo\u017ce Cia\u0142o<\/span><\/p>\n<p>30 maja 2024 o godz. 9:38 zostali\u015bmy zadysponowani do zabezpieczenia procesji Bo\u017cego Cia\u0142a, kt\u00f3ra przebiega\u0142a ulicami naszej miejscowo\u015bci od Bazyliki\u00a0 poprzez Ma\u0142\u0105 Stron\u0119 w kierunku Brzozowa. SiS KPP Brzoz\u00f3w OSP Stara Wie\u015b.<\/p>\n<hr \/>\n<p style=\"text-align: center;\"><span style=\"color: #ff0000; font-size: 18pt;\">Po\u017car samochodu<\/span><\/p>\n<p>19 maja 2024 o godz 12:24, dy\u017curny PSP zadysponowa\u0142 nasz\u0105 jednostk\u0119 do po\u017caru samochodu osobowego znajdujacego si\u0119 na wje\u017adzie do Klasztoru Si\u00f3str S\u0142u\u017cebniczek. Samoch\u00f3d uleg\u0142 ca\u0142kowitemu spaleniu, jak r\u00f3wnie\u017c \u017cywop\u0142ot na s\u0105siedniej posesji. W zdarzeniu nikt nie odni\u00f3s\u0142 obra\u017ce\u0144.<\/p>\n<p>Si\u015a:JRG Brzoz\u00f3w, OSP Stara Wie\u015b, KPP Brzoz\u00f3w.<\/p>\n<hr \/>\n<p style=\"text-align: center;\"><span style=\"font-size: 18pt; color: #ff0000;\">Po\u017car traw<\/span><\/p>\n<p>31 marca 2024 ok godz. 16:03 zostali\u015bmy zadysponowani do po\u017caru traw w miejscowo\u015bci Przysietnica ko\u0142o szko\u0142y nr 2.<\/p>\n<p>Si\u015a JRG Brzoz\u00f3w, OSP Przysietnica, OSP Stara Wie\u015b.<\/p>\n<hr \/>\n<p style=\"text-align: center;\"><span style=\"color: #ff0000; font-size: 18pt;\">Plama oleju<\/span><\/p>\n<p>13 marca 2024 o godz. 16:07 nasza jednostka zosta\u0142a zadysponowana do miejscowo\u015bci Domaradz, gdzie od skrzy\u017cowania na Sanok w stron\u0119 Starej Wsi na drodze znajdowa\u0142a si\u0119 rozlana oleista ciecz.<\/p>\n<p>Si\u015a JRG Brzoz\u00f3w. OSP Stara Wie\u015b.<\/p>\n<hr \/>\n<p>12 marca 2024 o godz. 9:11 rano dyzurny PSP zadysponowa\u0142 OSP Stara Wie\u015b, do miejscowo\u015bci Domaradz, gdzie w stron\u0119 Jasienicy Rosielnej na drodze znajdowa\u0142a si\u0119 substancja ropopochodna, celem jej neutralizacji.<\/p>\n<p>Si\u015a Osp Domaradz, JRG Brzoz\u00f3w, OSP Stara Wie\u015b.<\/p>\n<hr \/>\n<p style=\"text-align: center;\"><span style=\"font-size: 18pt; color: #ff0000;\">Miejscowe zagro\u017cenie<\/span><\/p>\n<p>3 marca 2024 o godz. 20:01, nasza jednostka zosta\u0142a wezwana do zdjecia psa, kt\u00f3ry zawiesi\u0142 si\u0119 na obro\u017cy na ogrodzeniu jednej z posesji w naszej miejscowo\u015bci,niestety pomoc by\u0142a wezwana za p\u00f3\u017ano.<\/p>\n<p>Si\u015a: KPP Brzoz\u00f3w, OSP Stara Wie\u015b.<\/p>\n<hr \/>\n<p style=\"text-align: center;\"><span style=\"font-size: 18pt; color: #ff0000;\">Zabezpieczenie rejonu<\/span><\/p>\n<p>22 lutego 2024 o godz. 18:44, zostali\u015bmy zadysponowani do zabezpieczenia powiatu, pod nieobecno\u0107 w PSP, kt\u00f3re prowadzi\u0142o dzia\u0142ania na terenie powiatu.<\/p>\n<hr \/>\n<p style=\"text-align: center;\"><span style=\"font-size: 18pt; color: #ff0000;\">Miejscowe zagro\u017cenie<\/span><\/p>\n<p>7 luty 2024 o godz. 19:34 dyzurny PSP zadysponowa\u0142 nasz\u0105 jednostk\u0119 do wyci\u0105gni\u0119cia karetki z rowu, kt\u00f3ra z racji trudnego dojazdu do chorego wpad\u0142a tylym ko\u0142em do rowu. Karetk\u0119 uda\u0142o si\u0119 wypchn\u0105\u0107 z rowu a nasi stra\u017cacy pomogli\u00a0 r\u00f3wnie\u017c w przetransportowaniu le\u017c\u0105cego chorego z domu do karetki.<\/p>\n<hr \/>\n<p style=\"text-align: center;\"><span style=\"font-size: 18pt; color: #ff0000;\">Po\u017car sadzy<\/span><\/p>\n<p>24 stycznia 2024 o godz. 10:43 rano dostali\u015bmy wezwanie, do po\u017caru sadzy w przewodzie kominowym domu mieszkalnego w naszej miejscowo\u015bci.<\/p>\n<p>Si\u015a: OSP Stara Wie\u015b. JRG Brzoz\u00f3w<\/p>\n<hr \/>\n<p style=\"text-align: center;\"><span style=\"font-size: 18pt; color: #ff0000;\">Po\u017car<\/span><\/p>\n<p>8 stycznia 2024 o godz. 7:26 nasza jednostka zosta\u0142a zadysponowana do po\u017caru samochodu osobowego przed domem naszego mieszka\u0144ca. Do du\u017cych zniszcze\u0144 nie dosz\u0142o jedynie opali\u0142a si\u0119 izolacja na przewodach tu\u017c przy silniku.<\/p>\n<hr \/>\n<p style=\"text-align: center;\"><span style=\"color: #ff0000; font-size: 18pt;\">Po\u017car tui przy szkole podstawowej w Orzech\u00f3wce<\/span><\/p>\n<p>1 stycznia 2024 ok, godz 01:50, nasza jednostka zosta\u0142a zadysponowana do po\u017caru tui przy szkole podstawowej w Orzech\u00f3wce. Ogie\u0144 zosta\u0142 wzniecony poprzez wybuch petardy.\u00a0 Wskutek po\u017caru zniszczeniu uleg\u0142y tuje otaczaj\u0105ce szko\u0142\u0119.\u00a0 W dzia\u0142aniach ga\u015bniczych bra\u0142y: JRG Brzoz\u00f3w, OSP Stara Wie\u015b oraz OSP Orzech\u00f3wka.<\/p>\n","protected":false},"excerpt":{"rendered":"<p>PO\u017bAR W HUMNISKACH 26 grudnia 2024 o godz 5:59, nasza jednostka zosta\u0142a zadysponowana do po\u017caru pustostanu w miejscowo\u015bci Humniska. W akcji ga\u015bniczej przez dwie godziny z ogniem walczy\u0142o \u0142\u0105cznie ponad 30 stra\u017cak\u00f3w PSP oraz OSP, po czym ogie\u0144 zosta\u0142 opanowany a wszystkie zarzewia ognia zosta\u0142y dogaszone. Si\u015b: JRG Brzoz\u00f3w: GCBA Man, GBARt Renault OSP Humniska: &#8230; <a title=\"Udzia\u0142 w zdarzeniach 2024\" class=\"read-more\" href=\"http:\/\/www.ospstarawies.brzozow.pl\/index.php\/udzial-w-zdarzeniach-2024\/\" aria-label=\"More on Udzia\u0142 w zdarzeniach 2024\">Czytaj dalej<\/a><\/p>\n","protected":false},"author":1,"featured_media":0,"parent":0,"menu_order":0,"comment_status":"closed","ping_status":"closed","template":"","meta":[],"_links":{"self":[{"href":"http:\/\/www.ospstarawies.brzozow.pl\/index.php\/wp-json\/wp\/v2\/pages\/2145"}],"collection":[{"href":"http:\/\/www.ospstarawies.brzozow.pl\/index.php\/wp-json\/wp\/v2\/pages"}],"about":[{"href":"http:\/\/www.ospstarawies.brzozow.pl\/index.php\/wp-json\/wp\/v2\/types\/page"}],"author":[{"embeddable":true,"href":"http:\/\/www.ospstarawies.brzozow.pl\/index.php\/wp-json\/wp\/v2\/users\/1"}],"replies":[{"embeddable":true,"href":"http:\/\/www.ospstarawies.brzozow.pl\/index.php\/wp-json\/wp\/v2\/comments?post=2145"}],"version-history":[{"count":15,"href":"http:\/\/www.ospstarawies.brzozow.pl\/index.php\/wp-json\/wp\/v2\/pages\/2145\/revisions"}],"predecessor-version":[{"id":2214,"href":"http:\/\/www.ospstarawies.brzozow.pl\/index.php\/wp-json\/wp\/v2\/pages\/2145\/revisions\/2214"}],"wp:attachment":[{"href":"http:\/\/www.ospstarawies.brzozow.pl\/index.php\/wp-json\/wp\/v2\/media?parent=2145"}],"curies":[{"name":"wp","href":"https:\/\/api.w.org\/{rel}","templated":true}]}}