{"id":226,"date":"2017-01-04T14:57:13","date_gmt":"2017-01-04T13:57:13","guid":{"rendered":"http:\/\/www.ospstarawies.brzozow.pl\/?page_id=226"},"modified":"2025-02-28T09:17:02","modified_gmt":"2025-02-28T08:17:02","slug":"1-podatku","status":"publish","type":"page","link":"http:\/\/www.ospstarawies.brzozow.pl\/index.php\/1-podatku\/","title":{"rendered":"Apel o 1,5 % podatku"},"content":{"rendered":"<h2 style=\"text-align: center;\"><span style=\"color: #ff0000;\">Zwracamy si\u0119 z pro\u015bb\u0105 , przeka\u017c nam 1,5 % podatku<\/span><\/h2>\n<h2 style=\"text-align: center;\"><span style=\"color: #ff0000;\"> &#8211; wpisz w rozliczeniu PIT- KRS \u00a000000 18567<br \/>\n<\/span><\/h2>\n<h2 style=\"text-align: center;\"><span style=\"color: #ff0000;\"> \u00a0Ochotnicza Stra\u017c Po\u017carna Stara Wie\u015b<\/span><\/h2>\n<h2 style=\"text-align: center;\"><span style=\"color: #ff0000;\">36-200 Brzoz\u00f3w<\/span><\/h2>\n<h2 style=\"text-align: center;\"><span style=\"color: #ff0000;\">Stara Wie\u015b 792 <\/span><\/h2>\n<h2 style=\"text-align: center;\"><span style=\"color: #ff0000;\">Woj.podkarpackie<\/span><\/h2>\n<p>&nbsp;<\/p>\n","protected":false},"excerpt":{"rendered":"<p>Zwracamy si\u0119 z pro\u015bb\u0105 , przeka\u017c nam 1,5 % podatku &#8211; wpisz w rozliczeniu PIT- KRS \u00a000000 18567 \u00a0Ochotnicza Stra\u017c Po\u017carna Stara Wie\u015b 36-200 Brzoz\u00f3w Stara Wie\u015b 792 Woj.podkarpackie &nbsp;<\/p>\n","protected":false},"author":1,"featured_media":0,"parent":0,"menu_order":0,"comment_status":"closed","ping_status":"closed","template":"","meta":[],"_links":{"self":[{"href":"http:\/\/www.ospstarawies.brzozow.pl\/index.php\/wp-json\/wp\/v2\/pages\/226"}],"collection":[{"href":"http:\/\/www.ospstarawies.brzozow.pl\/index.php\/wp-json\/wp\/v2\/pages"}],"about":[{"href":"http:\/\/www.ospstarawies.brzozow.pl\/index.php\/wp-json\/wp\/v2\/types\/page"}],"author":[{"embeddable":true,"href":"http:\/\/www.ospstarawies.brzozow.pl\/index.php\/wp-json\/wp\/v2\/users\/1"}],"replies":[{"embeddable":true,"href":"http:\/\/www.ospstarawies.brzozow.pl\/index.php\/wp-json\/wp\/v2\/comments?post=226"}],"version-history":[{"count":12,"href":"http:\/\/www.ospstarawies.brzozow.pl\/index.php\/wp-json\/wp\/v2\/pages\/226\/revisions"}],"predecessor-version":[{"id":2349,"href":"http:\/\/www.ospstarawies.brzozow.pl\/index.php\/wp-json\/wp\/v2\/pages\/226\/revisions\/2349"}],"wp:attachment":[{"href":"http:\/\/www.ospstarawies.brzozow.pl\/index.php\/wp-json\/wp\/v2\/media?parent=226"}],"curies":[{"name":"wp","href":"https:\/\/api.w.org\/{rel}","templated":true}]}}