{"id":2855,"date":"2025-07-20T13:10:41","date_gmt":"2025-07-20T11:10:41","guid":{"rendered":"http:\/\/www.ospstarawies.brzozow.pl\/?page_id=2855"},"modified":"2025-07-20T13:10:50","modified_gmt":"2025-07-20T11:10:50","slug":"zawody-2025","status":"publish","type":"page","link":"http:\/\/www.ospstarawies.brzozow.pl\/index.php\/zawody-2025\/","title":{"rendered":"Zawody 2025"},"content":{"rendered":"<div class=\"html-div xdj266r x14z9mp xat24cr x1lziwak xexx8yu xyri2b x18d9i69 x1c1uobl\" dir=\"auto\">\n<div class=\"html-div xdj266r x14z9mp xat24cr x1lziwak xexx8yu xyri2b x18d9i69 x1c1uobl\" data-ad-rendering-role=\"story_message\">\n<div id=\"_r_4oo_\" class=\"x1l90r2v x1iorvi4 x1g0dm76 xpdmqnj\" data-ad-comet-preview=\"message\" data-ad-preview=\"message\">\n<div class=\"x78zum5 xdt5ytf xz62fqu x16ldp7u\">\n<div class=\"xu06os2 x1ok221b\">\n<div class=\"html-div xdj266r x14z9mp xat24cr x1lziwak xexx8yu xyri2b x18d9i69 x1c1uobl\">\n<div class=\"xdj266r x14z9mp xat24cr x1lziwak x1vvkbs x126k92a\">\n<p>&nbsp;<\/p>\n<div dir=\"auto\">\n<hr \/>\n<\/div>\n<div dir=\"auto\" style=\"text-align: center;\"><span style=\"font-family: times new roman, times, serif; color: #0000ff;\"><strong><span style=\"font-size: 18pt;\">GMINNE ZAWODY SPORTOWO-PO\u017bARNICZE 2025<\/span><\/strong><\/span><\/div>\n<div dir=\"auto\"><\/div>\n<\/div>\n<div class=\"x14z9mp xat24cr x1lziwak x1vvkbs xtlvy1s x126k92a\">\n<div dir=\"auto\"><span style=\"font-family: times new roman, times, serif; font-size: 14pt;\">29 czerwca 2025 r. o godz. 10:00 na stadionie MOSiR w Brzozowie odby\u0142y si\u0119 Gminne Zawody Sportowo-Po\u017carnicze. W zawodach wzi\u0119\u0142o udzia\u0142 24 dru\u017cyny, z jednostek OSP naszej gminy.<\/span><\/div>\n<div dir=\"auto\"><span style=\"font-family: times new roman, times, serif; font-size: 14pt;\">OSP Stara Wie\u015b wystawi\u0142a 4 dru\u017cyny:<\/span><\/div>\n<div dir=\"auto\"><span style=\"font-family: times new roman, times, serif; font-size: 14pt;\"><span class=\"html-span xexx8yu xyri2b x18d9i69 x1c1uobl x1hl2dhg x16tdsg8 x1vvkbs x3nfvp2 x1j61x8r x1fcty0u xdj266r xat24cr xm2jcoa x1mpyi22 xxymvpz xlup9mm x1kky2od\"><img decoding=\"async\" loading=\"lazy\" class=\"xz74otr x15mokao x1ga7v0g x16uus16 xbiv7yw\" src=\"https:\/\/static.xx.fbcdn.net\/images\/emoji.php\/v9\/tc\/1\/16\/1f466.png\" alt=\"&#x1f466;\" width=\"16\" height=\"16\" \/><\/span> M\u0142odzie\u017cow\u0105 Dru\u017cyn\u0119 Po\u017carnicz\u0105 ch\u0142opc\u00f3w,<\/span><\/div>\n<div dir=\"auto\"><span style=\"font-family: times new roman, times, serif; font-size: 14pt;\"><span class=\"html-span xexx8yu xyri2b x18d9i69 x1c1uobl x1hl2dhg x16tdsg8 x1vvkbs x3nfvp2 x1j61x8r x1fcty0u xdj266r xat24cr xm2jcoa x1mpyi22 xxymvpz xlup9mm x1kky2od\"><img decoding=\"async\" loading=\"lazy\" class=\"xz74otr x15mokao x1ga7v0g x16uus16 xbiv7yw\" src=\"https:\/\/static.xx.fbcdn.net\/images\/emoji.php\/v9\/t8f\/1\/16\/1f469.png\" alt=\"&#x1f469;\" width=\"16\" height=\"16\" \/><\/span> MDP dziewcz\u0105t, <\/span><\/div>\n<div dir=\"auto\"><span style=\"font-family: times new roman, times, serif; font-size: 14pt;\"><span class=\"html-span xexx8yu xyri2b x18d9i69 x1c1uobl x1hl2dhg x16tdsg8 x1vvkbs x3nfvp2 x1j61x8r x1fcty0u xdj266r xat24cr xm2jcoa x1mpyi22 xxymvpz xlup9mm x1kky2od\"><img decoding=\"async\" loading=\"lazy\" class=\"xz74otr x15mokao x1ga7v0g x16uus16 xbiv7yw\" src=\"https:\/\/static.xx.fbcdn.net\/images\/emoji.php\/v9\/ta4\/1\/16\/1f9d1_200d_1f692.png\" alt=\"&#x1f9d1;&#x200d;&#x1f692;\" width=\"16\" height=\"16\" \/><\/span> kobiec\u0105 dru\u017cyn\u0119 po\u017carnicz\u0105<\/span><\/div>\n<div dir=\"auto\"><span style=\"font-family: times new roman, times, serif; font-size: 14pt;\"> <span class=\"html-span xexx8yu xyri2b x18d9i69 x1c1uobl x1hl2dhg x16tdsg8 x1vvkbs x3nfvp2 x1j61x8r x1fcty0u xdj266r xat24cr xm2jcoa x1mpyi22 xxymvpz xlup9mm x1kky2od\"><img decoding=\"async\" loading=\"lazy\" class=\"xz74otr x15mokao x1ga7v0g x16uus16 xbiv7yw\" src=\"https:\/\/static.xx.fbcdn.net\/images\/emoji.php\/v9\/ta4\/1\/16\/1f9d1_200d_1f692.png\" alt=\"&#x1f9d1;&#x200d;&#x1f692;\" width=\"16\" height=\"16\" \/><\/span> m\u0119sk\u0105 dru\u017cyn\u0119 po\u017carnicz\u0105<\/span><\/div>\n<\/div>\n<div class=\"x14z9mp xat24cr x1lziwak x1vvkbs xtlvy1s x126k92a\">\n<div dir=\"auto\"><span style=\"font-family: times new roman, times, serif; font-size: 14pt;\">M\u0142odzie\u017cowe dru\u017cyny w swoich kategoriach wiekowych okaza\u0142y si\u0119 bezkonkurencyjne, zdobywaj\u0105c pierwsze miejsca. Kobieca dru\u017cyna po\u017carnicza r\u00f3wnie\u017c wywalczy\u0142a 1. miejsce, natomiast m\u0119ska dru\u017cyna po\u017carnicza uplasowa\u0142a si\u0119 na 4. miejscu. S\u0142owa uznania nale\u017c\u0105 si\u0119 druhowi Grzegorzowi Gduli \u2013 to dzi\u0119ki jego zaanga\u017cowaniu oraz pracy w\u0142o\u017conej w przygotowania i treningi tych czterech dru\u017cyn, mo\u017cliwe by\u0142o osi\u0105gni\u0119cie tak znakomitych wynik\u00f3w. Wszystkim uczestnikom serdecznie gratulujemy osi\u0105gni\u0119tych sukces\u00f3w!<\/span><\/div>\n<div dir=\"auto\"><span style=\"font-family: times new roman, times, serif; font-size: 14pt;\">Dzi\u0119kujemy r\u00f3wnie\u017c druhom zaanga\u017cowanym w obs\u0142ug\u0119 kulinarn\u0105 tego wydarzenia \u2013 dzi\u0119ki Wam atmosfera zawod\u00f3w by\u0142a jeszcze bardziej przyjazna i go\u015bcinna.<\/span><\/div>\n<div dir=\"auto\"><span style=\"font-family: times new roman, times, serif; font-size: 14pt;\">Zdjecia: <span class=\"html-span xdj266r x14z9mp xat24cr x1lziwak xexx8yu xyri2b x18d9i69 x1c1uobl x1hl2dhg x16tdsg8 x1vvkbs\"><a class=\"x1i10hfl xjbqb8w x1ejq31n x18oe1m7 x1sy0etr xstzfhl x972fbf x10w94by x1qhh985 x14e42zd x9f619 x1ypdohk xt0psk2 xe8uvvx xdj266r x14z9mp xat24cr x1lziwak xexx8yu xyri2b x18d9i69 x1c1uobl x16tdsg8 x1hl2dhg xggy1nq x1a2a7pz xkrqix3 x1sur9pj x1fey0fg x1s688f\" tabindex=\"0\" role=\"link\" href=\"https:\/\/www.facebook.com\/brzozowinfopl?__cft__[0]=AZWrCvz0N7IK2NfyrdS-m0yhcenkF1PHg4nBLVYjBihHmwNZ0WdqSTtRUitPo-sWMGn5fgiqjtA_lqJ7QRRYhpbzxzjKNzLUVDdjCgZX4hmYjkCZyn-0Bjh2nC70pRoZfUkumyCSoRB5T_mZaa6cVGRdcTHb1yr-b6Y5brdF9CwF9Q&amp;__tn__=-]K-R\"><span class=\"xt0psk2\"><span class=\"xjp7ctv\">Brzoz\u00f3w Info<\/span><\/span><\/a><\/span>, OSP <\/span><span class=\"html-span xdj266r x14z9mp xat24cr x1lziwak xexx8yu xyri2b x18d9i69 x1c1uobl x1hl2dhg x16tdsg8 x1vvkbs\"><a class=\"x1i10hfl xjbqb8w x1ejq31n x18oe1m7 x1sy0etr xstzfhl x972fbf x10w94by x1qhh985 x14e42zd x9f619 x1ypdohk xt0psk2 xe8uvvx xdj266r x14z9mp xat24cr x1lziwak xexx8yu xyri2b x18d9i69 x1c1uobl x16tdsg8 x1hl2dhg xggy1nq x1a2a7pz xkrqix3 x1sur9pj x1fey0fg x1s688f\" tabindex=\"0\" role=\"link\" href=\"https:\/\/www.facebook.com\/OspStaraWies792?__cft__[0]=AZWrCvz0N7IK2NfyrdS-m0yhcenkF1PHg4nBLVYjBihHmwNZ0WdqSTtRUitPo-sWMGn5fgiqjtA_lqJ7QRRYhpbzxzjKNzLUVDdjCgZX4hmYjkCZyn-0Bjh2nC70pRoZfUkumyCSoRB5T_mZaa6cVGRdcTHb1yr-b6Y5brdF9CwF9Q&amp;__tn__=-]K-R\"><span class=\"xt0psk2\"><span class=\"xjp7ctv\"><span style=\"font-family: times new roman, times, serif; font-size: 14pt;\">Stara Wie\u015b<\/span><\/span><\/span><\/a><\/span><\/div>\n<div dir=\"auto\"><a href=\"http:\/\/www.ospstarawies.brzozow.pl\/index.php\/zawody-2025\/1-35\/#main\" rel=\"attachment wp-att-2857\"><img decoding=\"async\" loading=\"lazy\" class=\"alignleft size-thumbnail wp-image-2857\" src=\"http:\/\/www.ospstarawies.brzozow.pl\/wp-content\/uploads\/2025\/07\/1-4-150x150.jpg\" alt=\"\" width=\"150\" height=\"150\" \/><\/a><a href=\"http:\/\/www.ospstarawies.brzozow.pl\/index.php\/zawody-2025\/2-33\/#main\" rel=\"attachment wp-att-2858\"><img decoding=\"async\" loading=\"lazy\" class=\"alignleft size-thumbnail wp-image-2858\" src=\"http:\/\/www.ospstarawies.brzozow.pl\/wp-content\/uploads\/2025\/07\/2-4-150x150.jpg\" alt=\"\" width=\"150\" height=\"150\" \/><\/a><a href=\"http:\/\/www.ospstarawies.brzozow.pl\/index.php\/zawody-2025\/3-33\/#main\" rel=\"attachment wp-att-2859\"><img decoding=\"async\" loading=\"lazy\" class=\"alignleft size-thumbnail wp-image-2859\" src=\"http:\/\/www.ospstarawies.brzozow.pl\/wp-content\/uploads\/2025\/07\/3-4-150x150.jpg\" alt=\"\" width=\"150\" height=\"150\" \/><\/a><a href=\"http:\/\/www.ospstarawies.brzozow.pl\/index.php\/zawody-2025\/4-28\/#main\" rel=\"attachment wp-att-2860\"><img decoding=\"async\" loading=\"lazy\" class=\"alignleft size-thumbnail wp-image-2860\" src=\"http:\/\/www.ospstarawies.brzozow.pl\/wp-content\/uploads\/2025\/07\/4-2-150x150.jpg\" alt=\"\" width=\"150\" height=\"150\" \/><\/a><a href=\"http:\/\/www.ospstarawies.brzozow.pl\/index.php\/zawody-2025\/5-22\/#main\" rel=\"attachment wp-att-2861\"><img decoding=\"async\" loading=\"lazy\" class=\"alignleft size-thumbnail wp-image-2861\" src=\"http:\/\/www.ospstarawies.brzozow.pl\/wp-content\/uploads\/2025\/07\/5-2-150x150.jpg\" alt=\"\" width=\"150\" height=\"150\" \/><\/a><a href=\"http:\/\/www.ospstarawies.brzozow.pl\/index.php\/zawody-2025\/6-23\/#main\" rel=\"attachment wp-att-2862\"><img decoding=\"async\" loading=\"lazy\" class=\"alignleft size-thumbnail wp-image-2862\" src=\"http:\/\/www.ospstarawies.brzozow.pl\/wp-content\/uploads\/2025\/07\/6-2-150x150.jpg\" alt=\"\" width=\"150\" height=\"150\" \/><\/a><a href=\"http:\/\/www.ospstarawies.brzozow.pl\/index.php\/zawody-2025\/7-17\/#main\" rel=\"attachment wp-att-2863\"><img decoding=\"async\" loading=\"lazy\" class=\"alignleft size-thumbnail wp-image-2863\" src=\"http:\/\/www.ospstarawies.brzozow.pl\/wp-content\/uploads\/2025\/07\/7-2-150x150.jpg\" alt=\"\" width=\"150\" height=\"150\" \/><\/a><a href=\"http:\/\/www.ospstarawies.brzozow.pl\/index.php\/zawody-2025\/8-15\/#main\" rel=\"attachment wp-att-2864\"><img decoding=\"async\" loading=\"lazy\" class=\"alignleft size-thumbnail wp-image-2864\" src=\"http:\/\/www.ospstarawies.brzozow.pl\/wp-content\/uploads\/2025\/07\/8-2-150x150.jpg\" alt=\"\" width=\"150\" height=\"150\" \/><\/a><a href=\"http:\/\/www.ospstarawies.brzozow.pl\/index.php\/zawody-2025\/9-13\/#main\" rel=\"attachment wp-att-2865\"><img decoding=\"async\" loading=\"lazy\" class=\"alignleft size-thumbnail wp-image-2865\" src=\"http:\/\/www.ospstarawies.brzozow.pl\/wp-content\/uploads\/2025\/07\/9-3-150x150.jpg\" alt=\"\" width=\"150\" height=\"150\" \/><\/a><a href=\"http:\/\/www.ospstarawies.brzozow.pl\/index.php\/zawody-2025\/10-12\/#main\" rel=\"attachment wp-att-2866\"><img decoding=\"async\" loading=\"lazy\" class=\"alignleft size-thumbnail wp-image-2866\" src=\"http:\/\/www.ospstarawies.brzozow.pl\/wp-content\/uploads\/2025\/07\/10-2-150x150.jpg\" alt=\"\" width=\"150\" height=\"150\" \/><\/a><a href=\"http:\/\/www.ospstarawies.brzozow.pl\/index.php\/zawody-2025\/115-2\/#main\" rel=\"attachment wp-att-2867\"><img decoding=\"async\" loading=\"lazy\" class=\"alignleft size-thumbnail wp-image-2867\" src=\"http:\/\/www.ospstarawies.brzozow.pl\/wp-content\/uploads\/2025\/07\/115-150x150.jpg\" alt=\"\" width=\"150\" height=\"150\" \/><\/a><a href=\"http:\/\/www.ospstarawies.brzozow.pl\/index.php\/zawody-2025\/11-10\/#main\" rel=\"attachment wp-att-2868\"><img decoding=\"async\" loading=\"lazy\" class=\"alignleft size-thumbnail wp-image-2868\" src=\"http:\/\/www.ospstarawies.brzozow.pl\/wp-content\/uploads\/2025\/07\/11-2-150x150.jpg\" alt=\"\" width=\"150\" height=\"150\" \/><\/a><a href=\"http:\/\/www.ospstarawies.brzozow.pl\/index.php\/zawody-2025\/12-11\/#main\" rel=\"attachment wp-att-2869\"><img decoding=\"async\" loading=\"lazy\" class=\"alignleft size-thumbnail wp-image-2869\" src=\"http:\/\/www.ospstarawies.brzozow.pl\/wp-content\/uploads\/2025\/07\/12-2-150x150.jpg\" alt=\"\" width=\"150\" height=\"150\" \/><\/a><a href=\"http:\/\/www.ospstarawies.brzozow.pl\/index.php\/zawody-2025\/13-10\/#main\" rel=\"attachment wp-att-2871\"><img decoding=\"async\" loading=\"lazy\" class=\"alignleft size-thumbnail wp-image-2871\" src=\"http:\/\/www.ospstarawies.brzozow.pl\/wp-content\/uploads\/2025\/07\/13-2-150x150.jpg\" alt=\"\" width=\"150\" height=\"150\" \/><\/a><a href=\"http:\/\/www.ospstarawies.brzozow.pl\/index.php\/zawody-2025\/14-8\/#main\" rel=\"attachment wp-att-2872\"><img decoding=\"async\" loading=\"lazy\" class=\"alignleft size-thumbnail wp-image-2872\" src=\"http:\/\/www.ospstarawies.brzozow.pl\/wp-content\/uploads\/2025\/07\/14-1-150x150.jpg\" alt=\"\" width=\"150\" height=\"150\" \/><\/a><a href=\"http:\/\/www.ospstarawies.brzozow.pl\/index.php\/zawody-2025\/15-9\/#main\" rel=\"attachment wp-att-2873\"><img decoding=\"async\" loading=\"lazy\" class=\"alignleft size-thumbnail wp-image-2873\" src=\"http:\/\/www.ospstarawies.brzozow.pl\/wp-content\/uploads\/2025\/07\/15-1-150x150.jpg\" alt=\"\" width=\"150\" height=\"150\" \/><\/a><a href=\"http:\/\/www.ospstarawies.brzozow.pl\/index.php\/zawody-2025\/16-6\/#main\" rel=\"attachment wp-att-2874\"><img decoding=\"async\" loading=\"lazy\" class=\"alignleft size-thumbnail wp-image-2874\" src=\"http:\/\/www.ospstarawies.brzozow.pl\/wp-content\/uploads\/2025\/07\/16-1-150x150.jpg\" alt=\"\" width=\"150\" height=\"150\" \/><\/a><a href=\"http:\/\/www.ospstarawies.brzozow.pl\/index.php\/zawody-2025\/17-8\/#main\" rel=\"attachment wp-att-2875\"><img decoding=\"async\" loading=\"lazy\" class=\"alignleft size-thumbnail wp-image-2875\" src=\"http:\/\/www.ospstarawies.brzozow.pl\/wp-content\/uploads\/2025\/07\/17-1-150x150.jpg\" alt=\"\" width=\"150\" height=\"150\" \/><\/a><a href=\"http:\/\/www.ospstarawies.brzozow.pl\/index.php\/zawody-2025\/18-7\/#main\" rel=\"attachment wp-att-2876\"><img decoding=\"async\" loading=\"lazy\" class=\"alignleft size-thumbnail wp-image-2876\" src=\"http:\/\/www.ospstarawies.brzozow.pl\/wp-content\/uploads\/2025\/07\/18-1-150x150.jpg\" alt=\"\" width=\"150\" height=\"150\" \/><\/a><a href=\"http:\/\/www.ospstarawies.brzozow.pl\/index.php\/zawody-2025\/19-8\/#main\" rel=\"attachment wp-att-2877\"><img decoding=\"async\" loading=\"lazy\" class=\"alignleft size-thumbnail wp-image-2877\" src=\"http:\/\/www.ospstarawies.brzozow.pl\/wp-content\/uploads\/2025\/07\/19-1-150x150.jpg\" alt=\"\" width=\"150\" height=\"150\" \/><\/a><\/div>\n<\/div>\n<\/div>\n<\/div>\n<\/div>\n<\/div>\n<\/div>\n<\/div>\n","protected":false},"excerpt":{"rendered":"<p>&nbsp; GMINNE ZAWODY SPORTOWO-PO\u017bARNICZE 2025 29 czerwca 2025 r. o godz. 10:00 na stadionie MOSiR w Brzozowie odby\u0142y si\u0119 Gminne Zawody Sportowo-Po\u017carnicze. W zawodach wzi\u0119\u0142o udzia\u0142 24 dru\u017cyny, z jednostek OSP naszej gminy. OSP Stara Wie\u015b wystawi\u0142a 4 dru\u017cyny: M\u0142odzie\u017cow\u0105 Dru\u017cyn\u0119 Po\u017carnicz\u0105 ch\u0142opc\u00f3w, MDP dziewcz\u0105t, kobiec\u0105 dru\u017cyn\u0119 po\u017carnicz\u0105 m\u0119sk\u0105 dru\u017cyn\u0119 po\u017carnicz\u0105 M\u0142odzie\u017cowe dru\u017cyny w swoich &#8230; <a title=\"Zawody 2025\" class=\"read-more\" href=\"http:\/\/www.ospstarawies.brzozow.pl\/index.php\/zawody-2025\/\" aria-label=\"More on Zawody 2025\">Czytaj dalej<\/a><\/p>\n","protected":false},"author":1,"featured_media":0,"parent":0,"menu_order":0,"comment_status":"closed","ping_status":"closed","template":"","meta":[],"_links":{"self":[{"href":"http:\/\/www.ospstarawies.brzozow.pl\/index.php\/wp-json\/wp\/v2\/pages\/2855"}],"collection":[{"href":"http:\/\/www.ospstarawies.brzozow.pl\/index.php\/wp-json\/wp\/v2\/pages"}],"about":[{"href":"http:\/\/www.ospstarawies.brzozow.pl\/index.php\/wp-json\/wp\/v2\/types\/page"}],"author":[{"embeddable":true,"href":"http:\/\/www.ospstarawies.brzozow.pl\/index.php\/wp-json\/wp\/v2\/users\/1"}],"replies":[{"embeddable":true,"href":"http:\/\/www.ospstarawies.brzozow.pl\/index.php\/wp-json\/wp\/v2\/comments?post=2855"}],"version-history":[{"count":3,"href":"http:\/\/www.ospstarawies.brzozow.pl\/index.php\/wp-json\/wp\/v2\/pages\/2855\/revisions"}],"predecessor-version":[{"id":2880,"href":"http:\/\/www.ospstarawies.brzozow.pl\/index.php\/wp-json\/wp\/v2\/pages\/2855\/revisions\/2880"}],"wp:attachment":[{"href":"http:\/\/www.ospstarawies.brzozow.pl\/index.php\/wp-json\/wp\/v2\/media?parent=2855"}],"curies":[{"name":"wp","href":"https:\/\/api.w.org\/{rel}","templated":true}]}}