{"id":33,"date":"2016-12-15T11:59:59","date_gmt":"2016-12-15T10:59:59","guid":{"rendered":"http:\/\/www.ospstarawies.brzozow.pl\/?page_id=33"},"modified":"2026-03-01T13:21:34","modified_gmt":"2026-03-01T12:21:34","slug":"kontakt","status":"publish","type":"page","link":"http:\/\/www.ospstarawies.brzozow.pl\/index.php\/kontakt\/","title":{"rendered":"Kontakt"},"content":{"rendered":"<pre style=\"text-align: center;\"><span style=\"color: #ff0000;\"><strong>Ochotnicza Stra\u017c Po\u017carna w Starej Wsi<\/strong><\/span><\/pre>\n<h4 style=\"text-align: center;\"><span style=\"color: #000000;\"><strong>Stara Wie\u015b 792<\/strong><\/span><\/h4>\n<h4 style=\"text-align: center;\"><span style=\"color: #000000;\"><strong>36-200 Brzoz\u00f3w <\/strong><\/span><\/h4>\n<h4 style=\"text-align: center;\"><span style=\"color: #000000;\"><strong>woj. Podkarpackie<\/strong><\/span><\/h4>\n<h4 style=\"text-align: center;\"><a href=\"http:\/\/profil.wp.pl\/login.html?url=http%3A%2F%2Fpoczta.wp.pl%2Findexgwt.html%3Fflg%3D1&amp;serwis=nowa_poczta_wp\"><span style=\"color: #000000;\"><strong>e-mail starawiesosp@wp.pl<\/strong><\/span><\/a><\/h4>\n<pre style=\"text-align: center;\"><span style=\"color: #000000;\"><strong>KRS: 0000018567<\/strong><\/span>\r\n\r\n<span style=\"color: #000000;\"><strong>REGON: 371100100<\/strong><\/span>\r\n\r\n<span style=\"color: #000000;\"><strong>NIP: 6861538454\r\n\r\nTELEFONY KONTAKTOWE:\r\n665 208 860 -PREZES\r\n721 496 983 - NACZELNIK\r\n<span class=\"x193iq5w xeuugli x13faqbe x1vvkbs x1xmvt09 x1lliihq x1s928wv xhkezso x1gmr53x x1cpjm7i x1fgarty x1943h6x xudqn12 x3x7a5m x6prxxf xvq8zen xo1l8bm xzsf02u x1yc453h\" dir=\"auto\">785 600 615<\/span>- GOSPODARZ SALI\r\n\r\n\r\n<\/strong><\/span><\/pre>\n<p style=\"text-align: center;\"><a href=\"https:\/\/www.google.pl\/maps\/place\/Stara+Wie%C5%9B+792,+36-200+Stara+Wie%C5%9B\/@49.7117385,22.0135495,3a,75y,65.37h,93.84t\/data=!3m7!1e1!3m5!1sOQpG1snC_yqwhAW7bxwQTQ!2e0!3e11!7i13312!8i6656!4m5!3m4!1s0x473c42dc06fbc9e5:0xa43e0710605e828e!8m2!3d49.711841!4d22.014564\"><img decoding=\"async\" loading=\"lazy\" class=\"aligncenter wp-image-144\" src=\"http:\/\/www.ospstarawies.brzozow.pl\/wp-content\/uploads\/2016\/12\/mapa.jpg\" alt=\"\" width=\"884\" height=\"526\" srcset=\"http:\/\/www.ospstarawies.brzozow.pl\/wp-content\/uploads\/2016\/12\/mapa.jpg 2500w, http:\/\/www.ospstarawies.brzozow.pl\/wp-content\/uploads\/2016\/12\/mapa-300x179.jpg 300w, http:\/\/www.ospstarawies.brzozow.pl\/wp-content\/uploads\/2016\/12\/mapa-768x457.jpg 768w, http:\/\/www.ospstarawies.brzozow.pl\/wp-content\/uploads\/2016\/12\/mapa-1024x609.jpg 1024w\" sizes=\"(max-width: 884px) 100vw, 884px\" \/><\/a><\/p>\n<p style=\"text-align: center;\"><a href=\"https:\/\/www.google.pl\/maps\/@49.7117175,22.0143154,252m\/data=!3m1!1e3?hl=pl\">&gt;&gt;&gt;poka\u017c na mapie&lt;&lt;&lt;<\/a><\/p>\n<p style=\"text-align: center;\"><img decoding=\"async\" loading=\"lazy\" class=\"aligncenter wp-image-146\" src=\"http:\/\/www.ospstarawies.brzozow.pl\/wp-content\/uploads\/2016\/12\/Osp.jpg\" alt=\"\" width=\"885\" height=\"507\" srcset=\"http:\/\/www.ospstarawies.brzozow.pl\/wp-content\/uploads\/2016\/12\/Osp.jpg 1000w, http:\/\/www.ospstarawies.brzozow.pl\/wp-content\/uploads\/2016\/12\/Osp-300x172.jpg 300w, http:\/\/www.ospstarawies.brzozow.pl\/wp-content\/uploads\/2016\/12\/Osp-768x440.jpg 768w\" sizes=\"(max-width: 885px) 100vw, 885px\" \/><\/p>\n<p style=\"text-align: center;\"><img decoding=\"async\" loading=\"lazy\" class=\"aligncenter wp-image-145\" src=\"http:\/\/www.ospstarawies.brzozow.pl\/wp-content\/uploads\/2016\/12\/Rysunek1.jpg\" alt=\"\" width=\"647\" height=\"427\" srcset=\"http:\/\/www.ospstarawies.brzozow.pl\/wp-content\/uploads\/2016\/12\/Rysunek1.jpg 1500w, http:\/\/www.ospstarawies.brzozow.pl\/wp-content\/uploads\/2016\/12\/Rysunek1-300x198.jpg 300w, http:\/\/www.ospstarawies.brzozow.pl\/wp-content\/uploads\/2016\/12\/Rysunek1-768x507.jpg 768w, http:\/\/www.ospstarawies.brzozow.pl\/wp-content\/uploads\/2016\/12\/Rysunek1-1024x676.jpg 1024w\" sizes=\"(max-width: 647px) 100vw, 647px\" \/><\/p>\n","protected":false},"excerpt":{"rendered":"<p>Ochotnicza Stra\u017c Po\u017carna w Starej Wsi Stara Wie\u015b 792 36-200 Brzoz\u00f3w woj. Podkarpackie e-mail starawiesosp@wp.pl KRS: 0000018567 REGON: 371100100 NIP: 6861538454 TELEFONY KONTAKTOWE: 665 208 860 -PREZES 721 496 983 &#8211; NACZELNIK 785 600 615- GOSPODARZ SALI &gt;&gt;&gt;poka\u017c na mapie&lt;&lt;&lt;<\/p>\n","protected":false},"author":1,"featured_media":0,"parent":0,"menu_order":0,"comment_status":"closed","ping_status":"closed","template":"","meta":[],"_links":{"self":[{"href":"http:\/\/www.ospstarawies.brzozow.pl\/index.php\/wp-json\/wp\/v2\/pages\/33"}],"collection":[{"href":"http:\/\/www.ospstarawies.brzozow.pl\/index.php\/wp-json\/wp\/v2\/pages"}],"about":[{"href":"http:\/\/www.ospstarawies.brzozow.pl\/index.php\/wp-json\/wp\/v2\/types\/page"}],"author":[{"embeddable":true,"href":"http:\/\/www.ospstarawies.brzozow.pl\/index.php\/wp-json\/wp\/v2\/users\/1"}],"replies":[{"embeddable":true,"href":"http:\/\/www.ospstarawies.brzozow.pl\/index.php\/wp-json\/wp\/v2\/comments?post=33"}],"version-history":[{"count":18,"href":"http:\/\/www.ospstarawies.brzozow.pl\/index.php\/wp-json\/wp\/v2\/pages\/33\/revisions"}],"predecessor-version":[{"id":3375,"href":"http:\/\/www.ospstarawies.brzozow.pl\/index.php\/wp-json\/wp\/v2\/pages\/33\/revisions\/3375"}],"wp:attachment":[{"href":"http:\/\/www.ospstarawies.brzozow.pl\/index.php\/wp-json\/wp\/v2\/media?parent=33"}],"curies":[{"name":"wp","href":"https:\/\/api.w.org\/{rel}","templated":true}]}}